{"id":1519,"date":"2018-09-06T10:57:42","date_gmt":"2018-09-06T08:57:42","guid":{"rendered":"http:\/\/dominika\/?post_type=product&#038;p=1519"},"modified":"2025-12-16T02:45:12","modified_gmt":"2025-12-16T01:45:12","slug":"mantra-om-mani-padme-hum","status":"publish","type":"product","link":"https:\/\/dominikadominiak.pl\/en_GB\/produkt\/mantra-om-mani-padme-hum\/","title":{"rendered":"Mantra Om Mani Padme Hum"},"content":{"rendered":"<h3>Mantra Roots Reggae Music<\/h3>\n<h3><span style=\"color: #df4554; font-size: 24px; font-style: italic; font-family: 'Merriweather';\">Om Mani Padme Hum<\/span><\/h3>\n<p>W kulturze s\u0142owia\u0144skiej od czas\u00f3w staro\u017cytnych praktykowano wymawianie mantr,a nazywano je AGMAMI \u2013 s\u0142owami mocy, w kt\u00f3re wciela si\u0119 B\u00f3g. S\u0142owia\u0144scy szamani, uzdrowiciele, kap\u0142anki u\u017cywali mocy mantr do pracy z wewn\u0119trznymi wibracjami cz\u0142owieka, kt\u00f3re zawieraj\u0105 moc zmieniania rzeczywisto\u015bci zewn\u0119trznej.<\/p>\n","protected":false},"excerpt":{"rendered":"<p>Om Mani Padme Hum z muzyk\u0105 nagran\u0105 na Jamajce (dwie wersje d\u0142u\u017csza 4:27 minut i kr\u00f3tsza 3:10 minut)<\/p>\n","protected":false},"featured_media":1223,"template":"","meta":{"site-sidebar-layout":"default","site-content-layout":"","ast-site-content-layout":"default","site-content-style":"default","site-sidebar-style":"default","ast-global-header-display":"","ast-banner-title-visibility":"","ast-main-header-display":"","ast-hfb-above-header-display":"","ast-hfb-below-header-display":"","ast-hfb-mobile-header-display":"","site-post-title":"","ast-breadcrumbs-content":"","ast-featured-img":"","footer-sml-layout":"","theme-transparent-header-meta":"default","adv-header-id-meta":"","stick-header-meta":"","header-above-stick-meta":"","header-main-stick-meta":"","header-below-stick-meta":"","astra-migrate-meta-layouts":"set","ast-page-background-enabled":"default","ast-page-background-meta":{"desktop":{"background-color":"var(--ast-global-color-4)","background-image":"","background-repeat":"repeat","background-position":"center center","background-size":"auto","background-attachment":"scroll","background-type":"","background-media":"","overlay-type":"","overlay-color":"","overlay-gradient":""},"tablet":{"background-color":"","background-image":"","background-repeat":"repeat","background-position":"center center","background-size":"auto","background-attachment":"scroll","background-type":"","background-media":"","overlay-type":"","overlay-color":"","overlay-gradient":""},"mobile":{"background-color":"","background-image":"","background-repeat":"repeat","background-position":"center center","background-size":"auto","background-attachment":"scroll","background-type":"","background-media":"","overlay-type":"","overlay-color":"","overlay-gradient":""}},"ast-content-background-meta":{"desktop":{"background-color":"var(--ast-global-color-5)","background-image":"","background-repeat":"repeat","background-position":"center center","background-size":"auto","background-attachment":"scroll","background-type":"","background-media":"","overlay-type":"","overlay-color":"","overlay-gradient":""},"tablet":{"background-color":"var(--ast-global-color-5)","background-image":"","background-repeat":"repeat","background-position":"center center","background-size":"auto","background-attachment":"scroll","background-type":"","background-media":"","overlay-type":"","overlay-color":"","overlay-gradient":""},"mobile":{"background-color":"var(--ast-global-color-5)","background-image":"","background-repeat":"repeat","background-position":"center center","background-size":"auto","background-attachment":"scroll","background-type":"","background-media":"","overlay-type":"","overlay-color":"","overlay-gradient":""}}},"product_cat":[36],"product_tag":[],"_links":{"self":[{"href":"https:\/\/dominikadominiak.pl\/en_GB\/wp-json\/wp\/v2\/product\/1519"}],"collection":[{"href":"https:\/\/dominikadominiak.pl\/en_GB\/wp-json\/wp\/v2\/product"}],"about":[{"href":"https:\/\/dominikadominiak.pl\/en_GB\/wp-json\/wp\/v2\/types\/product"}],"wp:featuredmedia":[{"embeddable":true,"href":"https:\/\/dominikadominiak.pl\/en_GB\/wp-json\/wp\/v2\/media\/1223"}],"wp:attachment":[{"href":"https:\/\/dominikadominiak.pl\/en_GB\/wp-json\/wp\/v2\/media?parent=1519"}],"wp:term":[{"taxonomy":"product_cat","embeddable":true,"href":"https:\/\/dominikadominiak.pl\/en_GB\/wp-json\/wp\/v2\/product_cat?post=1519"},{"taxonomy":"product_tag","embeddable":true,"href":"https:\/\/dominikadominiak.pl\/en_GB\/wp-json\/wp\/v2\/product_tag?post=1519"}],"curies":[{"name":"wp","href":"https:\/\/api.w.org\/{rel}","templated":true}]}}