{"id":1430,"date":"2018-09-04T15:44:01","date_gmt":"2018-09-04T13:44:01","guid":{"rendered":"http:\/\/dominika\/?page_id=1430"},"modified":"2020-04-28T22:34:52","modified_gmt":"2020-04-28T20:34:52","slug":"mantra-slowianska","status":"publish","type":"page","link":"https:\/\/dominikadominiak.pl\/pl_PL\/albums\/mantra-slowianska\/","title":{"rendered":"Mantra S\u0142owia\u0144ska"},"content":{"rendered":"<p>[fusion_builder_container hundred_percent=&#8221;no&#8221; hundred_percent_height=&#8221;no&#8221; hundred_percent_height_scroll=&#8221;no&#8221; hundred_percent_height_center_content=&#8221;yes&#8221; equal_height_columns=&#8221;no&#8221; menu_anchor=&#8221;&#8221; hide_on_mobile=&#8221;small-visibility,medium-visibility,large-visibility&#8221; class=&#8221;&#8221; id=&#8221;&#8221; background_color=&#8221;#b263bd&#8221; background_image=&#8221;&#8221; background_position=&#8221;center center&#8221; background_repeat=&#8221;no-repeat&#8221; fade=&#8221;no&#8221; background_parallax=&#8221;none&#8221; enable_mobile=&#8221;no&#8221; parallax_speed=&#8221;0.3&#8243; video_mp4=&#8221;&#8221; video_webm=&#8221;&#8221; video_ogv=&#8221;&#8221; video_url=&#8221;&#8221; video_aspect_ratio=&#8221;16:9&#8243; video_loop=&#8221;yes&#8221; video_mute=&#8221;yes&#8221; video_preview_image=&#8221;&#8221; border_size=&#8221;&#8221; border_color=&#8221;&#8221; border_style=&#8221;solid&#8221; margin_top=&#8221;&#8221; margin_bottom=&#8221;&#8221; padding_top=&#8221;&#8221; padding_right=&#8221;&#8221; padding_bottom=&#8221;&#8221; padding_left=&#8221;&#8221;][fusion_builder_row][fusion_builder_column type=&#8221;1_1&#8243; layout=&#8221;1_1&#8243; spacing=&#8221;&#8221; center_content=&#8221;no&#8221; link=&#8221;&#8221; target=&#8221;_self&#8221; min_height=&#8221;&#8221; hide_on_mobile=&#8221;small-visibility,medium-visibility,large-visibility&#8221; class=&#8221;&#8221; id=&#8221;&#8221; background_color=&#8221;&#8221; background_image=&#8221;&#8221; background_position=&#8221;left top&#8221; background_repeat=&#8221;no-repeat&#8221; hover_type=&#8221;none&#8221; border_size=&#8221;0&#8243; border_color=&#8221;&#8221; border_style=&#8221;solid&#8221; border_position=&#8221;all&#8221; padding_top=&#8221;&#8221; padding_right=&#8221;&#8221; padding_bottom=&#8221;&#8221; padding_left=&#8221;&#8221; margin_top=&#8221;&#8221; margin_bottom=&#8221;&#8221; animation_type=&#8221;&#8221; animation_direction=&#8221;left&#8221; animation_speed=&#8221;0.3&#8243; animation_offset=&#8221;&#8221; last=&#8221;no&#8221;][fusion_title margin_top=&#8221;&#8221; margin_bottom=&#8221;&#8221; hide_on_mobile=&#8221;small-visibility,medium-visibility,large-visibility&#8221; class=&#8221;&#8221; id=&#8221;&#8221; size=&#8221;1&#8243; content_align=&#8221;center&#8221; style_type=&#8221;none&#8221; sep_color=&#8221;&#8221;]<\/p>\n<p style=\"text-align: center;\">Mantra S\u0142owia\u0144ska<\/p>\n<p>[\/fusion_title][\/fusion_builder_column][\/fusion_builder_row][\/fusion_builder_container][fusion_builder_container hundred_percent=&#8221;no&#8221; hundred_percent_height=&#8221;no&#8221; hundred_percent_height_scroll=&#8221;no&#8221; hundred_percent_height_center_content=&#8221;yes&#8221; equal_height_columns=&#8221;no&#8221; menu_anchor=&#8221;&#8221; hide_on_mobile=&#8221;small-visibility,medium-visibility,large-visibility&#8221; class=&#8221;&#8221; id=&#8221;&#8221; background_color=&#8221;#b263bd&#8221; background_image=&#8221;&#8221; background_position=&#8221;center center&#8221; background_repeat=&#8221;no-repeat&#8221; fade=&#8221;no&#8221; background_parallax=&#8221;none&#8221; enable_mobile=&#8221;no&#8221; parallax_speed=&#8221;0.3&#8243; video_mp4=&#8221;&#8221; video_webm=&#8221;&#8221; video_ogv=&#8221;&#8221; video_url=&#8221;&#8221; video_aspect_ratio=&#8221;16:9&#8243; video_loop=&#8221;yes&#8221; video_mute=&#8221;yes&#8221; video_preview_image=&#8221;&#8221; border_size=&#8221;&#8221; border_color=&#8221;&#8221; border_style=&#8221;solid&#8221; margin_top=&#8221;&#8221; margin_bottom=&#8221;&#8221; padding_top=&#8221;&#8221; padding_right=&#8221;&#8221; padding_bottom=&#8221;&#8221; padding_left=&#8221;&#8221;][fusion_builder_row][fusion_builder_column type=&#8221;1_2&#8243; layout=&#8221;3_5&#8243; spacing=&#8221;&#8221; center_content=&#8221;no&#8221; link=&#8221;&#8221; target=&#8221;_self&#8221; min_height=&#8221;&#8221; hide_on_mobile=&#8221;small-visibility,medium-visibility,large-visibility&#8221; class=&#8221;&#8221; id=&#8221;&#8221; background_color=&#8221;&#8221; background_image=&#8221;&#8221; background_position=&#8221;left top&#8221; background_repeat=&#8221;no-repeat&#8221; hover_type=&#8221;none&#8221; border_size=&#8221;0&#8243; border_color=&#8221;&#8221; border_style=&#8221;solid&#8221; border_position=&#8221;all&#8221; padding_top=&#8221;&#8221; padding_right=&#8221;&#8221; padding_bottom=&#8221;&#8221; padding_left=&#8221;&#8221; margin_top=&#8221;&#8221; margin_bottom=&#8221;&#8221; animation_type=&#8221;&#8221; animation_direction=&#8221;left&#8221; animation_speed=&#8221;0.3&#8243; animation_offset=&#8221;&#8221; last=&#8221;no&#8221;][fusion_imageframe image_id=&#8221;1419&#8243; style_type=&#8221;none&#8221; stylecolor=&#8221;&#8221; hover_type=&#8221;none&#8221; bordersize=&#8221;&#8221; bordercolor=&#8221;&#8221; borderradius=&#8221;&#8221; align=&#8221;none&#8221; lightbox=&#8221;no&#8221; gallery_id=&#8221;&#8221; lightbox_image=&#8221;&#8221; alt=&#8221;&#8221; link=&#8221;&#8221; linktarget=&#8221;_self&#8221; hide_on_mobile=&#8221;small-visibility,medium-visibility,large-visibility&#8221; class=&#8221;&#8221; id=&#8221;&#8221; animation_type=&#8221;&#8221; animation_direction=&#8221;left&#8221; animation_speed=&#8221;0.3&#8243; animation_offset=&#8221;&#8221;]https:\/\/dominikadominiak.pl\/wp-content\/uploads\/edd\/2018\/09\/Dominika-Dominiak_Mantra-Slowianska12x12-600&#215;600.jpg[\/fusion_imageframe][\/fusion_builder_column][fusion_builder_column type=&#8221;1_2&#8243; layout=&#8221;1_2&#8243; spacing=&#8221;&#8221; center_content=&#8221;yes&#8221; link=&#8221;&#8221; target=&#8221;_self&#8221; min_height=&#8221;&#8221; hide_on_mobile=&#8221;small-visibility,medium-visibility,large-visibility&#8221; class=&#8221;&#8221; id=&#8221;&#8221; background_color=&#8221;&#8221; background_image=&#8221;&#8221; background_position=&#8221;left top&#8221; undefined=&#8221;&#8221; background_repeat=&#8221;no-repeat&#8221; hover_type=&#8221;none&#8221; border_size=&#8221;0&#8243; border_color=&#8221;&#8221; border_style=&#8221;solid&#8221; border_position=&#8221;all&#8221; padding_top=&#8221;&#8221; padding_right=&#8221;&#8221; padding_bottom=&#8221;&#8221; padding_left=&#8221;&#8221; margin_top=&#8221;&#8221; margin_bottom=&#8221;&#8221; animation_type=&#8221;&#8221; animation_direction=&#8221;left&#8221; animation_speed=&#8221;0.3&#8243; animation_offset=&#8221;&#8221; last=&#8221;no&#8221;][fusion_soundcloud url=&#8221;<br \/>\nhttps:\/\/soundcloud.com\/dominikadominiak\/mantra-slowianska-radoro-daro-slawo&#8221;<br \/>\n layout=&#8221;classic&#8221; comments=&#8221;yes&#8221; show_related=&#8221;no&#8221; show_user=&#8221;yes&#8221; auto_play=&#8221;no&#8221; color=&#8221;#ff7700&#8243; width=&#8221;&#8221; height=&#8221;&#8221; hide_on_mobile=&#8221;small-visibility,medium-visibility,large-visibility&#8221; class=&#8221;&#8221; id=&#8221;&#8221; \/][fusion_button link=&#8221;https:\/\/zrzutka.pl\/d9r5u4&#8243; text_transform=&#8221;&#8221; title=&#8221;&#8221; target=&#8221;_self&#8221; link_attributes=&#8221;&#8221; alignment=&#8221;&#8221; modal=&#8221;&#8221; hide_on_mobile=&#8221;small-visibility,medium-visibility,large-visibility&#8221; class=&#8221;&#8221; id=&#8221;&#8221; color=&#8221;custom&#8221; button_gradient_top_color=&#8221;#d9c567&#8243; button_gradient_bottom_color=&#8221;#d9c567&#8243; button_gradient_top_color_hover=&#8221;#ffffff&#8221; button_gradient_bottom_color_hover=&#8221;#ffffff&#8221; accent_color=&#8221;#ffffff&#8221; accent_hover_color=&#8221;#262833&#8243; type=&#8221;&#8221; bevel_color=&#8221;&#8221; border_width=&#8221;0&#8243; border_radius=&#8221;&#8221; border_color=&#8221;#ffffff&#8221; border_hover_color=&#8221;#262833&#8243; size=&#8221;&#8221; stretch=&#8221;default&#8221; icon=&#8221;&#8221; icon_position=&#8221;left&#8221; icon_divider=&#8221;no&#8221; animation_type=&#8221;&#8221; animation_direction=&#8221;left&#8221; animation_speed=&#8221;1.0&#8243; animation_offset=&#8221;&#8221;]zrzutka.pl[\/fusion_button][\/fusion_builder_column][\/fusion_builder_row][\/fusion_builder_container][fusion_builder_container hundred_percent=&#8221;no&#8221; hundred_percent_height=&#8221;no&#8221; hundred_percent_height_scroll=&#8221;no&#8221; hundred_percent_height_center_content=&#8221;yes&#8221; equal_height_columns=&#8221;no&#8221; menu_anchor=&#8221;&#8221; hide_on_mobile=&#8221;small-visibility,medium-visibility,large-visibility&#8221; class=&#8221;&#8221; id=&#8221;&#8221; background_color=&#8221;#b263bd&#8221; background_image=&#8221;&#8221; background_position=&#8221;center center&#8221; background_repeat=&#8221;no-repeat&#8221; fade=&#8221;no&#8221; background_parallax=&#8221;none&#8221; enable_mobile=&#8221;no&#8221; parallax_speed=&#8221;0.3&#8243; video_mp4=&#8221;&#8221; video_webm=&#8221;&#8221; video_ogv=&#8221;&#8221; video_url=&#8221;&#8221; video_aspect_ratio=&#8221;16:9&#8243; video_loop=&#8221;yes&#8221; video_mute=&#8221;yes&#8221; video_preview_image=&#8221;&#8221; border_size=&#8221;&#8221; border_color=&#8221;&#8221; border_style=&#8221;solid&#8221; margin_top=&#8221;&#8221; margin_bottom=&#8221;&#8221; padding_top=&#8221;&#8221; padding_right=&#8221;&#8221; padding_bottom=&#8221;20px&#8221; padding_left=&#8221;&#8221;][fusion_builder_row][fusion_builder_column type=&#8221;1_1&#8243; layout=&#8221;1_1&#8243; spacing=&#8221;&#8221; center_content=&#8221;no&#8221; link=&#8221;&#8221; target=&#8221;_self&#8221; min_height=&#8221;&#8221; hide_on_mobile=&#8221;small-visibility,medium-visibility,large-visibility&#8221; class=&#8221;&#8221; id=&#8221;&#8221; background_color=&#8221;&#8221; background_image=&#8221;&#8221; background_position=&#8221;left top&#8221; background_repeat=&#8221;no-repeat&#8221; hover_type=&#8221;none&#8221; border_size=&#8221;0&#8243; border_color=&#8221;&#8221; border_style=&#8221;solid&#8221; border_position=&#8221;all&#8221; padding_top=&#8221;&#8221; padding_right=&#8221;&#8221; padding_bottom=&#8221;&#8221; padding_left=&#8221;&#8221; margin_top=&#8221;&#8221; margin_bottom=&#8221;&#8221; animation_type=&#8221;&#8221; animation_direction=&#8221;left&#8221; animation_speed=&#8221;0.3&#8243; animation_offset=&#8221;&#8221; last=&#8221;no&#8221;][fusion_separator style_type=&#8221;none&#8221; hide_on_mobile=&#8221;small-visibility,medium-visibility,large-visibility&#8221; class=&#8221;&#8221; id=&#8221;&#8221; sep_color=&#8221;rgba(255,255,255,0.16)&#8221; top_margin=&#8221;15px&#8221; bottom_margin=&#8221;15px&#8221; border_size=&#8221;0&#8243; icon=&#8221;&#8221; icon_circle=&#8221;&#8221; icon_circle_color=&#8221;&#8221; width=&#8221;&#8221; alignment=&#8221;center&#8221; \/][fusion_youtube id=&#8221;<br \/>\nhttps:\/\/www.youtube.com\/watch?v=NMKiKNr9EaY&#8221;<br \/>\n alignment=&#8221;center&#8221; width=&#8221;600px&#8221; height=&#8221;400px&#8221; autoplay=&#8221;false&#8221; api_params=&#8221;&#8221; hide_on_mobile=&#8221;small-visibility,medium-visibility,large-visibility&#8221; class=&#8221;&#8221; \/][\/fusion_builder_column][\/fusion_builder_row][\/fusion_builder_container][fusion_builder_container hundred_percent=&#8221;no&#8221; hundred_percent_height=&#8221;no&#8221; hundred_percent_height_scroll=&#8221;no&#8221; hundred_percent_height_center_content=&#8221;yes&#8221; equal_height_columns=&#8221;no&#8221; menu_anchor=&#8221;&#8221; hide_on_mobile=&#8221;no&#8221; class=&#8221;&#8221; id=&#8221;&#8221; background_color=&#8221;#b263bd&#8221; background_image=&#8221;&#8221; background_position=&#8221;left top&#8221; background_repeat=&#8221;no-repeat&#8221; fade=&#8221;no&#8221; background_parallax=&#8221;none&#8221; enable_mobile=&#8221;no&#8221; parallax_speed=&#8221;0.3&#8243; video_mp4=&#8221;&#8221; video_webm=&#8221;&#8221; video_ogv=&#8221;&#8221; video_url=&#8221;&#8221; video_aspect_ratio=&#8221;16:9&#8243; video_loop=&#8221;yes&#8221; video_mute=&#8221;yes&#8221; video_preview_image=&#8221;&#8221; border_size=&#8221;0px&#8221; border_color=&#8221;&#8221; border_style=&#8221;solid&#8221; margin_top=&#8221;&#8221; margin_bottom=&#8221;&#8221; padding_top=&#8221;30px&#8221; padding_right=&#8221;&#8221; padding_bottom=&#8221;90px&#8221; padding_left=&#8221;&#8221;][fusion_builder_row][fusion_builder_column type=&#8221;1_1&#8243; layout=&#8221;1_1&#8243; background_position=&#8221;left top&#8221; background_color=&#8221;&#8221; border_size=&#8221;&#8221; border_color=&#8221;&#8221; border_style=&#8221;solid&#8221; spacing=&#8221;yes&#8221; background_image=&#8221;&#8221; background_repeat=&#8221;no-repeat&#8221; padding_top=&#8221;&#8221; padding_right=&#8221;&#8221; padding_bottom=&#8221;&#8221; padding_left=&#8221;&#8221; margin_top=&#8221;0px&#8221; margin_bottom=&#8221;0px&#8221; class=&#8221;&#8221; id=&#8221;&#8221; animation_type=&#8221;&#8221; animation_speed=&#8221;0.3&#8243; animation_direction=&#8221;left&#8221; hide_on_mobile=&#8221;no&#8221; center_content=&#8221;no&#8221; min_height=&#8221;none&#8221; last=&#8221;no&#8221; hover_type=&#8221;none&#8221; link=&#8221;&#8221; border_position=&#8221;all&#8221;][fusion_text]<\/p>\n<p><span style=\"color: #ffffff;\">W kulturze s\u0142owia\u0144skiej od czas\u00f3w staro\u017cytnych praktykowano wymawianie mantr, a nazywano je AGMAMI \u2013 s\u0142owami mocy, w kt\u00f3re wciela si\u0119 B\u00f3g. S\u0142owia\u0144scy szamani, uzdrowiciele, kap\u0142anki u\u017cywali mocy mantr do pracy z wewn\u0119trznymi wibracjami cz\u0142owieka, kt\u00f3re zawieraj\u0105 moc zmieniania rzeczywisto\u015bci zewn\u0119trznej. Naukowo zosta\u0142o zbadane, \u017ce s\u0142uchanie mantr w przeci\u0105gu kilku minut harmonizuje dwie p\u00f3\u0142kule m\u00f3zgowe uzyskuj\u0105c stan umys\u0142u Alfa, a kryszta\u0142ki wody w naszym ciele fizycznym, kt\u00f3rej mamy w ciele ponad 70 procent, przybieraj\u0105 kszta\u0142t strukturalny pod wp\u0142ywem harmonijnej wibracji mantr. Mantry s\u0105 bardzo pomocne nie tylko w medytacji, by uzyska\u0107 wy\u017csze stany \u015bwiadomo\u015bci, ale tak\u017ce w codziennym \u017cyciu, wyciszeniu emocji, uspokojeniu umys\u0142u i oczyszczeniu z negatywnych my\u015bli, wej\u015bciu w wewn\u0119trzn\u0105 harmoni\u0119, odczuwaniu pozytywnych uczu\u0107 jak rado\u015b\u0107 i mi\u0142o\u015b\u0107.<\/span><\/p>\n<p><span style=\"color: #ffffff;\">AGMY sk\u0142adaj\u0105 si\u0119 g\u0142\u00f3wnie z jednego, dw\u00f3ch lub rzadziej trzech s\u0142\u00f3w. I nie staraj si\u0119 logicznie ich zrozumie\u0107, gdy\u017c ten jest poza rozumieniem m\u00f3zgu i dzia\u0142a na poziomie pod\u015bwiadomo\u015bci. AGMY pochodz\u0105 z jednego praj\u0119zyka, a obecnie wyst\u0119puje w j\u0119zykach staro\u017cytnych lud\u00f3w, takich jak \u0142owianie, Indo-Aryjczyk\u00f3w, Pers\u00f3w, \u017byd\u00f3w, Mongo\u0142\u00f3w, Chi\u0144czyk\u00f3w i in. starych kultur.<\/span><\/p>\n<p>[\/fusion_text][fusion_text]<span style=\"color: #ffffff;\"><strong>wokal:<\/strong> Dominika Dominiak, Micha\u0142 Ruda\u015b, Paprodziad- W\u0142odek Dembowski<\/span><\/p>\n<p><span style=\"color: #ffffff;\"><strong>tabla:<\/strong> Piotr Malec, Dilruba- Tomasz Osiecki ( Ragaboy), Bas- Piotr Pacak, piano &#8211; \u0141ukasz W\u00f3jcik<\/span><\/p>\n<p><span style=\"color: #ffffff;\"><strong>kompozycja:<\/strong> Dominika Dominiak<\/span><\/p>\n<p><span style=\"color: #ffffff;\"><strong>mik:<\/strong> postprodukcja &#8211; \u0141ukasz W\u00f3jcik Studio 701 Wroc\u0142aw<\/span><\/p>\n<p><span style=\"color: #ffffff;\"><strong>mastering:<\/strong> Grzegorz Czachor<\/span>[\/fusion_text][\/fusion_builder_column][\/fusion_builder_row][\/fusion_builder_container]<\/p>\n","protected":false},"excerpt":{"rendered":"<p>[fusion_builder_container hundred_percent=&#8221;no&#8221; hundred_percent_height=&#8221;no&#8221; hundred_percent_height_scroll=&#8221;no&#8221; hundred_percent_height_center_content=&#8221;yes&#8221; equal_height_columns=&#8221;no&#8221; menu_anchor=&#8221;&#8221; hide_on_mobile=&#8221;small-visibility,medium-visibility,larg&#8230;<\/p>\n","protected":false},"author":1,"featured_media":0,"parent":16,"menu_order":0,"comment_status":"closed","ping_status":"closed","template":"100-width.php","meta":{"site-sidebar-layout":"default","site-content-layout":"","ast-site-content-layout":"","site-content-style":"default","site-sidebar-style":"default","ast-global-header-display":"","ast-banner-title-visibility":"","ast-main-header-display":"","ast-hfb-above-header-display":"","ast-hfb-below-header-display":"","ast-hfb-mobile-header-display":"","site-post-title":"","ast-breadcrumbs-content":"","ast-featured-img":"","footer-sml-layout":"","theme-transparent-header-meta":"","adv-header-id-meta":"","stick-header-meta":"","header-above-stick-meta":"","header-main-stick-meta":"","header-below-stick-meta":"","astra-migrate-meta-layouts":"default","ast-page-background-enabled":"default","ast-page-background-meta":{"desktop":{"background-color":"var(--ast-global-color-4)","background-image":"","background-repeat":"repeat","background-position":"center center","background-size":"auto","background-attachment":"scroll","background-type":"","background-media":"","overlay-type":"","overlay-color":"","overlay-gradient":""},"tablet":{"background-color":"","background-image":"","background-repeat":"repeat","background-position":"center center","background-size":"auto","background-attachment":"scroll","background-type":"","background-media":"","overlay-type":"","overlay-color":"","overlay-gradient":""},"mobile":{"background-color":"","background-image":"","background-repeat":"repeat","background-position":"center center","background-size":"auto","background-attachment":"scroll","background-type":"","background-media":"","overlay-type":"","overlay-color":"","overlay-gradient":""}},"ast-content-background-meta":{"desktop":{"background-color":"var(--ast-global-color-5)","background-image":"","background-repeat":"repeat","background-position":"center center","background-size":"auto","background-attachment":"scroll","background-type":"","background-media":"","overlay-type":"","overlay-color":"","overlay-gradient":""},"tablet":{"background-color":"var(--ast-global-color-5)","background-image":"","background-repeat":"repeat","background-position":"center center","background-size":"auto","background-attachment":"scroll","background-type":"","background-media":"","overlay-type":"","overlay-color":"","overlay-gradient":""},"mobile":{"background-color":"var(--ast-global-color-5)","background-image":"","background-repeat":"repeat","background-position":"center center","background-size":"auto","background-attachment":"scroll","background-type":"","background-media":"","overlay-type":"","overlay-color":"","overlay-gradient":""}},"footnotes":""},"_links":{"self":[{"href":"https:\/\/dominikadominiak.pl\/pl_PL\/wp-json\/wp\/v2\/pages\/1430"}],"collection":[{"href":"https:\/\/dominikadominiak.pl\/pl_PL\/wp-json\/wp\/v2\/pages"}],"about":[{"href":"https:\/\/dominikadominiak.pl\/pl_PL\/wp-json\/wp\/v2\/types\/page"}],"author":[{"embeddable":true,"href":"https:\/\/dominikadominiak.pl\/pl_PL\/wp-json\/wp\/v2\/users\/1"}],"replies":[{"embeddable":true,"href":"https:\/\/dominikadominiak.pl\/pl_PL\/wp-json\/wp\/v2\/comments?post=1430"}],"version-history":[{"count":15,"href":"https:\/\/dominikadominiak.pl\/pl_PL\/wp-json\/wp\/v2\/pages\/1430\/revisions"}],"predecessor-version":[{"id":2734,"href":"https:\/\/dominikadominiak.pl\/pl_PL\/wp-json\/wp\/v2\/pages\/1430\/revisions\/2734"}],"up":[{"embeddable":true,"href":"https:\/\/dominikadominiak.pl\/pl_PL\/wp-json\/wp\/v2\/pages\/16"}],"wp:attachment":[{"href":"https:\/\/dominikadominiak.pl\/pl_PL\/wp-json\/wp\/v2\/media?parent=1430"}],"curies":[{"name":"wp","href":"https:\/\/api.w.org\/{rel}","templated":true}]}}