{"id":16,"date":"2016-07-14T12:02:15","date_gmt":"2016-07-14T12:02:15","guid":{"rendered":"http:\/\/dominika\/?page_id=16"},"modified":"2026-01-16T23:31:41","modified_gmt":"2026-01-16T22:31:41","slug":"albums","status":"publish","type":"page","link":"https:\/\/dominikadominiak.pl\/pl_PL\/albums\/","title":{"rendered":"Mantry Single"},"content":{"rendered":"\n<h3 class=\"wp-block-heading has-text-align-center\"><\/h3>\n\n\n\n<p class=\"has-text-align-center\">NA P\u0141YCIE &nbsp;\u201eMANTRA &amp; REGGAE\u201d GO\u015aCINNIE WYST\u0104PILI:&nbsp;<\/p>\n\n\n\n<p class=\"has-text-align-center\"><strong>PAPRODZIAD I MICHA\u0141 RUDA\u015a.&nbsp;<\/strong><\/p>\n\n\n\n<p class=\"has-text-align-center\">NA P\u0141YCIE ZNAJDUJ\u0104 SI\u0118 3 SINGLE:&nbsp;<br \/><strong>GAYATRI MANTRA RADORO DARO SLAVO<\/strong> &#8211;&nbsp;16:52 minut&nbsp;<br \/><strong>MANTRA S\u0141OWIA\u0143SKA<\/strong> &#8211; 8:36 minut<br \/><strong>MANTRA BUDDYJSKA \u201eOM MANI PADME HUM\u201d<\/strong> &#8211; 04:13<br \/>&nbsp;<br \/>CHCESZ OTRZYMA\u0106 P\u0141YT\u0118 Z MANTRAMI W STYLU REGGAE, PODPISAN\u0104 PRZES DOMINIK\u0118 DOMINIAK?<br \/>NAPISZ DO NAS:&nbsp;<a rel=\"noreferrer noopener\" href=\"mailto:OFFICE@DOMINIKADOMINIAK.PL\" target=\"_blank\">OFFICE@DOMINIKADOMINIAK.PL<\/a><\/p>\n\n\n\n<p class=\"has-text-align-center\">CA\u0141Y PROJEKT POWSTAWA\u0141 W STUDIO U LESZKA MO\u017bD\u017bERA I NA JAMAJCE, <br \/>A FINALNE MIXY I MASTERINGU P\u0141YTY ODB\u0118D\u0104 SI\u0118 W LEGENDARNYM TUFF GONG STUDIO BOBA MARLEYA W KINGSTON NA JAMAJCE.&nbsp;<\/p>\n\n\n\n<p class=\"has-text-align-center\">DOWIEDZ SI\u0118 WI\u0118CEJ I DO\u0141\u0104CZ DO PROJEKTU WYDANIA P\u0141YTY \u201eMANTRA &amp; TANTRA\u201d:&nbsp;<br \/><a href=\"https:\/\/zrzutka.pl\/d9r5u4\">https:\/\/zrzutka.pl<\/a><\/p>\n\n\n\n<figure class=\"wp-block-image aligncenter size-full is-resized\"><img decoding=\"async\" loading=\"lazy\" width=\"700\" height=\"701\" src=\"https:\/\/dominikadominiak.pl\/wp-content\/uploads\/2020\/04\/Dominika-banner-Patronite-02.jpg\" alt=\"MANTRA REGGE Dominika Dominiak\" class=\"wp-image-2033\" style=\"width:350px;height:351px\" srcset=\"https:\/\/dominikadominiak.pl\/wp-content\/uploads\/2020\/04\/Dominika-banner-Patronite-02.jpg 700w, https:\/\/dominikadominiak.pl\/wp-content\/uploads\/2020\/04\/Dominika-banner-Patronite-02-500x501.jpg 500w, https:\/\/dominikadominiak.pl\/wp-content\/uploads\/2020\/04\/Dominika-banner-Patronite-02-100x100.jpg 100w, https:\/\/dominikadominiak.pl\/wp-content\/uploads\/2020\/04\/Dominika-banner-Patronite-02-416x417.jpg 416w\" sizes=\"(max-width: 700px) 100vw, 700px\" \/><figcaption class=\"wp-element-caption\">MANTRA REGGAE Dominika Dominiak<\/figcaption><\/figure>\n\n\n\n<figure class=\"wp-block-image aligncenter size-full\"><a href=\"https:\/\/dominikadominiak.pl\/wp-content\/uploads\/2020\/08\/unnamed.jpg\"><img decoding=\"async\" loading=\"lazy\" width=\"670\" height=\"223\" src=\"https:\/\/dominikadominiak.pl\/wp-content\/uploads\/2020\/08\/unnamed.jpg\" alt=\"\" class=\"wp-image-3040\" srcset=\"https:\/\/dominikadominiak.pl\/wp-content\/uploads\/2020\/08\/unnamed.jpg 670w, https:\/\/dominikadominiak.pl\/wp-content\/uploads\/2020\/08\/unnamed-500x166.jpg 500w, https:\/\/dominikadominiak.pl\/wp-content\/uploads\/2020\/08\/unnamed-416x138.jpg 416w, https:\/\/dominikadominiak.pl\/wp-content\/uploads\/2020\/08\/unnamed-300x100.jpg 300w, https:\/\/dominikadominiak.pl\/wp-content\/uploads\/2020\/08\/unnamed-200x67.jpg 200w, https:\/\/dominikadominiak.pl\/wp-content\/uploads\/2020\/08\/unnamed-400x133.jpg 400w, https:\/\/dominikadominiak.pl\/wp-content\/uploads\/2020\/08\/unnamed-600x200.jpg 600w\" sizes=\"(max-width: 670px) 100vw, 670px\" \/><\/a><\/figure>\n\n\n\n<p class=\"has-text-align-center\"><span style=\"font-size: large;\">P\u0142yt\u0119 z 3 singlami mo\u017cna kupi\u0107 zamawiaj\u0105c tutaj przez stron\u0119 internetow\u0105.<br \/><\/span><strong>Cena: 30z\u0142<\/strong><\/p>\n\n\n\n<h3 class=\"wp-block-heading has-text-align-center\">Mantra Roots<br \/>Reggae Music<\/h3>\n\n\n\n<h4 class=\"wp-block-heading has-text-align-center\"><em>Om Mani Padme Hum<\/em><\/h4>\n\n\n\n<p class=\"has-text-align-center\">Om Mani Padme Hum \u2013 to najnowszy singiel Dominiki Dominiak, kt\u00f3ra wybra\u0142a si\u0119 w podr\u00f3\u017c na Jamajk\u0119 by tam nagra\u0107 muzyk\u0119 do mantr w staro\u017cytnym j\u0119zyku sanskrycie, po tym jak przy\u015bni\u0142 jej si\u0119 Bob Marley, kt\u00f3ry zach\u0119ci\u0142 j\u0105 do tego wyjazdu w tym \u015bnie &#8211; jak twierdzi wokalistka.<\/p>\n\n\n\n<figure class=\"wp-block-image aligncenter\"><img decoding=\"async\" loading=\"lazy\" width=\"300\" height=\"266\" src=\"https:\/\/dominikadominiak.pl\/wp-content\/uploads\/2018\/03\/ok\u0142adka_front_600x532-300x266.jpg\" alt=\"om mani padme hum\" class=\"wp-image-1403\" srcset=\"https:\/\/dominikadominiak.pl\/wp-content\/uploads\/2018\/03\/ok\u0142adka_front_600x532-300x266.jpg 300w, https:\/\/dominikadominiak.pl\/wp-content\/uploads\/2018\/03\/ok\u0142adka_front_600x532-500x443.jpg 500w, https:\/\/dominikadominiak.pl\/wp-content\/uploads\/2018\/03\/ok\u0142adka_front_600x532-416x369.jpg 416w, https:\/\/dominikadominiak.pl\/wp-content\/uploads\/2018\/03\/ok\u0142adka_front_600x532-200x177.jpg 200w, https:\/\/dominikadominiak.pl\/wp-content\/uploads\/2018\/03\/ok\u0142adka_front_600x532-400x355.jpg 400w, https:\/\/dominikadominiak.pl\/wp-content\/uploads\/2018\/03\/ok\u0142adka_front_600x532.jpg 600w\" sizes=\"(max-width: 300px) 100vw, 300px\" \/><\/figure>\n\n\n\n<hr class=\"wp-block-separator has-css-opacity is-style-dots\"\/>\n\n\n\n<p><\/p>\n\n\n\n<h3 class=\"wp-block-heading has-text-align-center\">Mantra Gayatri<\/h3>\n\n\n\n<p class=\"has-text-align-center\">W kulturze s\u0142owia\u0144skiej od czas\u00f3w staro\u017cytnych praktykowano wymawianie mantr,a nazywano je AGMAMI \u2013 s\u0142owami mocy, w kt\u00f3re wciela si\u0119 B\u00f3g. S\u0142owia\u0144scy szamani, uzdrowiciele, kap\u0142anki u\u017cywali mocy mantr do pracy z wewn\u0119trznymi wibracjami cz\u0142owieka, kt\u00f3re zawieraj\u0105 moc zmieniania rzeczywisto\u015bci zewn\u0119trznej.<\/p>\n\n\n\n<figure class=\"wp-block-image aligncenter\"><img decoding=\"async\" loading=\"lazy\" width=\"300\" height=\"300\" src=\"https:\/\/dominikadominiak.pl\/wp-content\/uploads\/2017\/12\/ok\u0142adka_top_gayatri_mantra-300x300.jpg\" alt=\"Gayatri Mantra\" class=\"wp-image-1273\" srcset=\"https:\/\/dominikadominiak.pl\/wp-content\/uploads\/2017\/12\/ok\u0142adka_top_gayatri_mantra-300x300.jpg 300w, https:\/\/dominikadominiak.pl\/wp-content\/uploads\/2017\/12\/ok\u0142adka_top_gayatri_mantra-500x500.jpg 500w, https:\/\/dominikadominiak.pl\/wp-content\/uploads\/2017\/12\/ok\u0142adka_top_gayatri_mantra-100x100.jpg 100w, https:\/\/dominikadominiak.pl\/wp-content\/uploads\/2017\/12\/ok\u0142adka_top_gayatri_mantra-416x416.jpg 416w, https:\/\/dominikadominiak.pl\/wp-content\/uploads\/2017\/12\/ok\u0142adka_top_gayatri_mantra-150x150.jpg 150w, https:\/\/dominikadominiak.pl\/wp-content\/uploads\/2017\/12\/ok\u0142adka_top_gayatri_mantra-66x66.jpg 66w, https:\/\/dominikadominiak.pl\/wp-content\/uploads\/2017\/12\/ok\u0142adka_top_gayatri_mantra-200x200.jpg 200w, https:\/\/dominikadominiak.pl\/wp-content\/uploads\/2017\/12\/ok\u0142adka_top_gayatri_mantra-400x400.jpg 400w, https:\/\/dominikadominiak.pl\/wp-content\/uploads\/2017\/12\/ok\u0142adka_top_gayatri_mantra.jpg 580w\" sizes=\"(max-width: 300px) 100vw, 300px\" \/><\/figure>\n\n\n\n<hr class=\"wp-block-separator has-css-opacity is-style-dots\"\/>\n\n\n\n<p><\/p>\n\n\n\n<h3 class=\"wp-block-heading has-text-align-center\">Mantra S\u0142owia\u0144ska<\/h3>\n\n\n\n<h4 class=\"wp-block-heading has-text-align-center\"><em>~RADORO DARO SLAWO~<\/em><\/h4>\n\n\n\n<p class=\"has-text-align-center\">W kulturze s\u0142owia\u0144skiej od czas\u00f3w staro\u017cytnych praktykowano wymawianie mantr,a nazywano je AGMAMI \u2013 s\u0142owami mocy, w kt\u00f3re wciela si\u0119 B\u00f3g. S\u0142owia\u0144scy szamani, uzdrowiciele, kap\u0142anki u\u017cywali mocy mantr do pracy z wewn\u0119trznymi wibracjami cz\u0142owieka, kt\u00f3re zawieraj\u0105 moc zmieniania rzeczywisto\u015bci zewn\u0119trznej.<\/p>\n\n\n\n<figure class=\"wp-block-image aligncenter\"><img decoding=\"async\" loading=\"lazy\" width=\"300\" height=\"300\" src=\"https:\/\/dominikadominiak.pl\/wp-content\/uploads\/edd\/2018\/09\/Dominika-Dominiak_Mantra-Slowianska12x12-300x300.jpg\" alt=\"Dominika Dominiak - Mantra Slowianska\" class=\"wp-image-1419\" srcset=\"https:\/\/dominikadominiak.pl\/wp-content\/uploads\/edd\/2018\/09\/Dominika-Dominiak_Mantra-Slowianska12x12-300x300.jpg 300w, https:\/\/dominikadominiak.pl\/wp-content\/uploads\/edd\/2018\/09\/Dominika-Dominiak_Mantra-Slowianska12x12-500x500.jpg 500w, https:\/\/dominikadominiak.pl\/wp-content\/uploads\/edd\/2018\/09\/Dominika-Dominiak_Mantra-Slowianska12x12-100x100.jpg 100w, https:\/\/dominikadominiak.pl\/wp-content\/uploads\/edd\/2018\/09\/Dominika-Dominiak_Mantra-Slowianska12x12-700x700.jpg 700w, https:\/\/dominikadominiak.pl\/wp-content\/uploads\/edd\/2018\/09\/Dominika-Dominiak_Mantra-Slowianska12x12-150x150.jpg 150w, https:\/\/dominikadominiak.pl\/wp-content\/uploads\/edd\/2018\/09\/Dominika-Dominiak_Mantra-Slowianska12x12-768x768.jpg 768w, https:\/\/dominikadominiak.pl\/wp-content\/uploads\/edd\/2018\/09\/Dominika-Dominiak_Mantra-Slowianska12x12-1024x1024.jpg 1024w, https:\/\/dominikadominiak.pl\/wp-content\/uploads\/edd\/2018\/09\/Dominika-Dominiak_Mantra-Slowianska12x12-66x66.jpg 66w, https:\/\/dominikadominiak.pl\/wp-content\/uploads\/edd\/2018\/09\/Dominika-Dominiak_Mantra-Slowianska12x12-200x200.jpg 200w, https:\/\/dominikadominiak.pl\/wp-content\/uploads\/edd\/2018\/09\/Dominika-Dominiak_Mantra-Slowianska12x12-400x400.jpg 400w, https:\/\/dominikadominiak.pl\/wp-content\/uploads\/edd\/2018\/09\/Dominika-Dominiak_Mantra-Slowianska12x12-600x600.jpg 600w, https:\/\/dominikadominiak.pl\/wp-content\/uploads\/edd\/2018\/09\/Dominika-Dominiak_Mantra-Slowianska12x12-800x800.jpg 800w, https:\/\/dominikadominiak.pl\/wp-content\/uploads\/edd\/2018\/09\/Dominika-Dominiak_Mantra-Slowianska12x12-1200x1200.jpg 1200w, https:\/\/dominikadominiak.pl\/wp-content\/uploads\/edd\/2018\/09\/Dominika-Dominiak_Mantra-Slowianska12x12.jpg 1417w\" sizes=\"(max-width: 300px) 100vw, 300px\" \/><\/figure>\n\n\n\n<hr class=\"wp-block-separator has-css-opacity is-style-dots\"\/>\n\n\n\n<h3 class=\"wp-block-heading has-text-align-center\"><a href=\"https:\/\/dominikadominiak.pl\/pl_PL\/kontakt\/\">Serdecznie zapraszam do kontaktu : )<\/a><\/h3>\n\n\n\n<p><\/p>\n","protected":false},"excerpt":{"rendered":"<p><!-- wp:heading {\"textAlign\":\"center\",\"level\":3} --><\/p>\n<h3 class=\"wp-block-heading has-text-align-center\"><\/h3>\n<p><!-- \/wp:heading --><\/p>\n<p><!-- wp:paragraph {\"align\":\"center\"} --><\/p>\n<p class=\"has-text-align-center\">NA P\u0141YCIE &nbsp;\u201eMANTRA &amp; REGGAE\u201d GO\u015aCIN&#8230;<\/p>\n","protected":false},"author":1,"featured_media":0,"parent":0,"menu_order":0,"comment_status":"closed","ping_status":"closed","template":"100-width.php","meta":{"site-sidebar-layout":"default","site-content-layout":"","ast-site-content-layout":"default","site-content-style":"default","site-sidebar-style":"default","ast-global-header-display":"","ast-banner-title-visibility":"","ast-main-header-display":"","ast-hfb-above-header-display":"","ast-hfb-below-header-display":"","ast-hfb-mobile-header-display":"","site-post-title":"","ast-breadcrumbs-content":"","ast-featured-img":"","footer-sml-layout":"","theme-transparent-header-meta":"","adv-header-id-meta":"","stick-header-meta":"","header-above-stick-meta":"","header-main-stick-meta":"","header-below-stick-meta":"","astra-migrate-meta-layouts":"set","ast-page-background-enabled":"default","ast-page-background-meta":{"desktop":{"background-color":"var(--ast-global-color-4)","background-image":"","background-repeat":"repeat","background-position":"center center","background-size":"auto","background-attachment":"scroll","background-type":"","background-media":"","overlay-type":"","overlay-color":"","overlay-gradient":""},"tablet":{"background-color":"","background-image":"","background-repeat":"repeat","background-position":"center center","background-size":"auto","background-attachment":"scroll","background-type":"","background-media":"","overlay-type":"","overlay-color":"","overlay-gradient":""},"mobile":{"background-color":"","background-image":"","background-repeat":"repeat","background-position":"center center","background-size":"auto","background-attachment":"scroll","background-type":"","background-media":"","overlay-type":"","overlay-color":"","overlay-gradient":""}},"ast-content-background-meta":{"desktop":{"background-color":"var(--ast-global-color-5)","background-image":"","background-repeat":"repeat","background-position":"center center","background-size":"auto","background-attachment":"scroll","background-type":"","background-media":"","overlay-type":"","overlay-color":"","overlay-gradient":""},"tablet":{"background-color":"var(--ast-global-color-5)","background-image":"","background-repeat":"repeat","background-position":"center center","background-size":"auto","background-attachment":"scroll","background-type":"","background-media":"","overlay-type":"","overlay-color":"","overlay-gradient":""},"mobile":{"background-color":"var(--ast-global-color-5)","background-image":"","background-repeat":"repeat","background-position":"center center","background-size":"auto","background-attachment":"scroll","background-type":"","background-media":"","overlay-type":"","overlay-color":"","overlay-gradient":""}},"footnotes":""},"_links":{"self":[{"href":"https:\/\/dominikadominiak.pl\/pl_PL\/wp-json\/wp\/v2\/pages\/16"}],"collection":[{"href":"https:\/\/dominikadominiak.pl\/pl_PL\/wp-json\/wp\/v2\/pages"}],"about":[{"href":"https:\/\/dominikadominiak.pl\/pl_PL\/wp-json\/wp\/v2\/types\/page"}],"author":[{"embeddable":true,"href":"https:\/\/dominikadominiak.pl\/pl_PL\/wp-json\/wp\/v2\/users\/1"}],"replies":[{"embeddable":true,"href":"https:\/\/dominikadominiak.pl\/pl_PL\/wp-json\/wp\/v2\/comments?post=16"}],"version-history":[{"count":116,"href":"https:\/\/dominikadominiak.pl\/pl_PL\/wp-json\/wp\/v2\/pages\/16\/revisions"}],"predecessor-version":[{"id":3834,"href":"https:\/\/dominikadominiak.pl\/pl_PL\/wp-json\/wp\/v2\/pages\/16\/revisions\/3834"}],"wp:attachment":[{"href":"https:\/\/dominikadominiak.pl\/pl_PL\/wp-json\/wp\/v2\/media?parent=16"}],"curies":[{"name":"wp","href":"https:\/\/api.w.org\/{rel}","templated":true}]}}