{"id":2452,"date":"2020-04-17T23:22:17","date_gmt":"2020-04-17T21:22:17","guid":{"rendered":"https:\/\/dominikadominiak.pl\/?page_id=2452"},"modified":"2022-01-14T22:44:33","modified_gmt":"2022-01-14T21:44:33","slug":"album-mantra-reggae","status":"publish","type":"page","link":"https:\/\/dominikadominiak.pl\/pl_PL\/albums\/album-mantra-reggae\/","title":{"rendered":"Album \"Mantra & Reggae\""},"content":{"rendered":"\n<h3 class=\"has-text-align-center wp-block-heading\"><span style=\"color: var(--ast-global-color-0);\" class=\"ugb-highlight\">Mantra &amp; Reggae<\/span><\/h3>\n\n\n\n<p class=\"has-text-align-center\">P\u0142yt\u0119 &#8222;MANTRA &amp; REGGAE&#8221;&nbsp;nagrywam ju\u017c 9 lat i jestem na ko\u0144cowym etapie jej tworzenia<br \/>tu\u017c przed zrobieniem mixu i masteringu w studio wszystkich mantr i finalnym wydaniem p\u0142yty.<\/p>\n\n\n\n<p class=\"has-text-align-center\">Jest to niesamowity projekt muzyczny \u0142\u0105cz\u0105cy kultury z&nbsp;wybitnymi muzykami \u015bwiatowej s\u0142awy z Polski&nbsp;i Jamajki, na kt\u00f3r\u0105 wybra\u0142am si\u0119 sama w 2017 roku po tym jak przy\u015bni\u0142 mi si\u0119&nbsp;Bob Marley.<\/p>\n\n\n\n<h4 class=\"has-text-align-center wp-block-heading\">P\u0142yta \u201eMantra &amp; Reggae\u201d by\u0142a nagrywana m.in w Miami w studio Juliana Marleya i u Leszka Mo\u017cd\u017cera w studio we Wroc\u0142awiu.<\/h4>\n\n\n\n<p class=\"has-text-align-center\">Na Jamajce pozna\u0142am syn\u00f3w Boba Marleya, nagra\u0142am&nbsp;mojego singla z muzykami w legendarnym Grafton Studio w Kingston do mantry&nbsp;&#8222;Om Mani Padme Hum&#8221;, kt\u00f3ry mia\u0142 premier\u0119 w Radio Czw\u00f3rka w 2017 roku.<br \/>Zapraszam do pos\u0142uchania audycji:<\/p>\n\n\n\n<div class=\"wp-block-image\"><figure class=\"aligncenter\"><a href=\"https:\/\/www.polskieradio.pl\/10\/3960\/Artykul\/1946595,Dominika-Dominiak-mantra-to-muzyka-serca-i-umyslu\"><img decoding=\"async\" loading=\"lazy\" width=\"300\" height=\"184\" src=\"https:\/\/dominikadominiak.pl\/wp-content\/uploads\/2020\/04\/polskie-radio-300x184.png\" alt=\"\" class=\"wp-image-2023\" srcset=\"https:\/\/dominikadominiak.pl\/wp-content\/uploads\/2020\/04\/polskie-radio-300x184.png 300w, https:\/\/dominikadominiak.pl\/wp-content\/uploads\/2020\/04\/polskie-radio-500x306.png 500w, https:\/\/dominikadominiak.pl\/wp-content\/uploads\/2020\/04\/polskie-radio-416x255.png 416w, https:\/\/dominikadominiak.pl\/wp-content\/uploads\/2020\/04\/polskie-radio-200x123.png 200w, https:\/\/dominikadominiak.pl\/wp-content\/uploads\/2020\/04\/polskie-radio-400x245.png 400w, https:\/\/dominikadominiak.pl\/wp-content\/uploads\/2020\/04\/polskie-radio-600x368.png 600w, https:\/\/dominikadominiak.pl\/wp-content\/uploads\/2020\/04\/polskie-radio.png 648w\" sizes=\"(max-width: 300px) 100vw, 300px\" \/><\/a><\/figure><\/div>\n\n\n\n<p class=\"has-text-align-center\"><\/p>\n\n\n\n<h3 class=\"has-text-align-center wp-block-heading\"><span style=\"color: var(--ast-global-color-0);\" class=\"ugb-highlight\">Rekomendacja:<\/span><\/h3>\n\n\n\n<h5 class=\"has-text-align-center p1 wp-block-heading\">Dot. projektu albumu Dominika Dominiak \u2013 \u201eMantra &amp; Reggae\u201d Moje pierwsze spotkanie z Dominik\u0105 Dominiak i jej projektem \u201eMantra &amp; Reggae\u201d, mia\u0142o miejsce w grudniu 2017 roku, kiedy pojawi\u0142a si\u0119 w mojej radiowej audycji celem promocji pierwszego singla zwi\u0105zanego z tym wydawnictwem.<\/h5>\n\n\n\n<h5 class=\"has-text-align-center p1 wp-block-heading\">Za bardzo ciekaw\u0105 i oryginaln\u0105 uwa\u017cam jej ide\u0119 mostu pomi\u0119dzy kulturami, kt\u00f3re maj\u0105 w sobie sta\u0142y element relaksu i medytacji. Fakt zaanga\u017cowania przez ni\u0105 na p\u0142yt\u0119 wielu znacz\u0105cych postaci z muzycznego \u015bwiata czyni j\u0105 tym bardziej wart\u0105 zainteresowania.<\/h5>\n\n\n\n<h5 class=\"has-text-align-center p1 wp-block-heading\">Warto podkre\u015bli\u0107 umiej\u0119tno\u015bci Dominiki do samoorganizacji swojej pracy, zdolno\u015bci komunikacyjnych i niezwyk\u0142ego samozaparcia, rzadko obecnie spotykanego w\u015br\u00f3d m\u0142odych tw\u00f3rc\u00f3w, a niezb\u0119dnego do stworzenia takiego mi\u0119dzynarodowego albumu.<\/h5>\n\n\n\n<h5 class=\"has-text-align-center p1 wp-block-heading\">Dlatego te\u017c czekam na to wydawnictwo i na pewno b\u0119d\u0119 promowa\u0142 je na antenie radiowej.<\/h5>\n\n\n\n<h5 class=\"has-text-align-center p1 wp-block-heading\">Z powa\u017caniem,<\/h5>\n\n\n\n<div class=\"wp-block-image\"><figure class=\"aligncenter\"><img decoding=\"async\" loading=\"lazy\" width=\"200\" height=\"66\" src=\"https:\/\/dominikadominiak.pl\/wp-content\/uploads\/2020\/04\/Miroslaw-200x66.png\" alt=\"\" class=\"wp-image-2644\" srcset=\"https:\/\/dominikadominiak.pl\/wp-content\/uploads\/2020\/04\/Miroslaw-200x66.png 200w, https:\/\/dominikadominiak.pl\/wp-content\/uploads\/2020\/04\/Miroslaw-324x107.png 324w, https:\/\/dominikadominiak.pl\/wp-content\/uploads\/2020\/04\/Miroslaw-300x99.png 300w, https:\/\/dominikadominiak.pl\/wp-content\/uploads\/2020\/04\/Miroslaw.png 400w\" sizes=\"(max-width: 200px) 100vw, 200px\" \/><\/figure><\/div>\n\n\n\n<h5 class=\"has-text-align-center p1 wp-block-heading\"><em>Miros\u0142aw \u201eMaken\u201d Dzi\u0119cio\u0142owski<\/em><\/h5>\n\n\n\n<div style=\"height:30px\" aria-hidden=\"true\" class=\"wp-block-spacer\"><\/div>\n\n\n\n<div class=\"wp-block-image\"><figure class=\"aligncenter is-resized\"><img decoding=\"async\" loading=\"lazy\" src=\"https:\/\/dominikadominiak.pl\/wp-content\/uploads\/2020\/04\/Dominika-banner-Patronite-02-600x601.jpg\" alt=\"\" class=\"wp-image-2033\" width=\"600\" height=\"601\"\/><\/figure><\/div>\n\n\n\n<p class=\"has-text-align-center\"><\/p>\n\n\n\n<h4 class=\"has-text-align-center wp-block-heading\">P\u0142yta \u201eMANTRA &amp; REGGAE\u201d b\u0119dzie wydana w limitowanej serii 500 sztuk!<\/h4>\n\n\n\n<h4 class=\"has-text-align-center wp-block-heading\">W tym w\u0142a\u015bnie szczytnym celu za\u0142o\u017cy\u0142am zbi\u00f3rk\u0119 za po\u015brednictwem portalu&nbsp;<a href=\"https:\/\/zrzutka.pl\/d9r5u4\">Zrzutka.pl<\/a><\/h4>\n\n\n\n<h4 class=\"has-text-align-center wp-block-heading\">Kupuj\u0105c p\u0142yt\u0119 wspierasz ko\u0144cowy proces tworzenia p\u0142yty i otrzymasz p\u0142yt\u0119 w przedpremierowym wydaniu z autografem : )<\/h4>\n\n\n\n<h4 class=\"has-text-align-center wp-block-heading\"><span style=\"color: var(--ast-global-color-0);\" class=\"ugb-highlight\">P\u0142yta \u201eMANTRA &amp; REGGAE\u201d to muzyka, kt\u00f3ra mo\u017ce zmieni\u0107 Twoje \u017cycie na lepsze, moje ju\u017c zmieni\u0142a : )<\/span><\/h4>\n\n\n\n<h4 class=\"has-text-align-center wp-block-heading\">To w\u0142a\u015bnie dla takich os\u00f3b jak Ty, My tworz\u0119 ten projekt z mantrami, aby\u015bmy ka\u017cdego dnia mogli nape\u0142ni\u0107 si\u0119 pozytywnymi wibracjami : )<\/h4>\n\n\n\n<p class=\"has-text-align-center\">W 2019 roku&nbsp;<span style=\"color: #f2eb91;\"><strong><span style=\"color: var(--ast-global-color-0);\" class=\"ugb-highlight\">Julian Marley&nbsp;zaprosi\u0142 mnie do swojego studia<\/span><\/strong><\/span> w Miami abym&nbsp;mog\u0142a dogra\u0107 do mojej p\u0142yty z mantrami basy i perkusj\u0119 przez wybitnego muzyka <span style=\"color: #f2eb91;\"><strong><span style=\"color: var(--ast-global-color-0);\" class=\"ugb-highlight\">Astona Baretta jr<\/span><\/strong><\/span>&nbsp;z formacji <span style=\"color: #f2eb91;\"><strong><span style=\"color: var(--ast-global-color-0);\" class=\"ugb-highlight\">&#8222;The Wailers&#8221;&nbsp;&#8211; pierwszego zespo\u0142u Boba Marleya.<\/span><\/strong><\/span><br \/>Do dw\u00f3ch mantr na p\u0142yt\u0119 dogra\u0142 si\u0119 te\u017c jamajski perkusista, <span style=\"color: #ffff99;\"><strong><span style=\"color: var(--ast-global-color-0);\" class=\"ugb-highlight\">Paul Kastick ze znanej formacji ENIGMA<\/span><\/strong><\/span><span style=\"color: var(--ast-global-color-0);\" class=\"ugb-highlight\"><span style=\"color: #ffff99;\"><strong> <\/strong><\/span><\/span><span style=\"color: #ffff99;\"><strong><span style=\"color: var(--ast-global-color-0);\" class=\"ugb-highlight\">&#8211; Michaela Cretu<\/span>\u201d<\/strong><\/span><span style=\"color: var(--ast-global-color-0);\" class=\"ugb-highlight\">.<\/span><br \/>W Polsce cz\u0119\u015b\u0107 nagra\u0144 do p\u0142yty odby\u0142a si\u0119 w studio u&nbsp;<span style=\"color: #ffff99;\"><strong><span style=\"color: var(--ast-global-color-0);\" class=\"ugb-highlight\">Leszka Mo\u017cd\u017cera <\/span>&#8211;<span style=\"color: var(--ast-global-color-0);\" class=\"ugb-highlight\">&nbsp;jazzowego \u015bwiatowej s\u0142awy pianisty<\/span><\/strong><\/span><span style=\"color: var(--ast-global-color-0);\" class=\"ugb-highlight\">.<\/span><br \/>W\u015br\u00f3d go\u015bci na p\u0142ycie trzeba wymieni\u0107&nbsp;<span style=\"color: #f2eb91;\"><strong><span style=\"color: var(--ast-global-color-0);\" class=\"ugb-highlight\">Paprodziada z \u0141\u0105ki \u0141an<\/span><\/strong><\/span>, <span style=\"color: #f2eb91;\"><strong><span style=\"color: var(--ast-global-color-0);\" class=\"ugb-highlight\">legendarnego saksofonist\u0119<\/span><\/strong><\/span><br \/><span style=\"color: #f2eb91;\"><strong><span style=\"color: var(--ast-global-color-0);\" class=\"ugb-highlight\">Alka Koreckiego<\/span><\/strong><\/span>&nbsp;czy wokalist\u0119, o kt\u00f3rym ostatnio g\u0142o\u015bno zrobi\u0142o si\u0119 nawet w Indiach,<br \/><span style=\"color: #f2eb91;\"><strong><span style=\"color: var(--ast-global-color-0);\" class=\"ugb-highlight\">Micha\u0142a Rudasia i wokalista Ricky Lion&nbsp;z Afryki<\/span><\/strong><\/span>, kt\u00f3ry mieszka ju\u017c od kilkunastu lat w Polsce.<br \/>Mix i mastering ca\u0142ej p\u0142yty realizuj\u0119 w<span style=\"color: #f2eb91;\">&nbsp;<strong><span style=\"color: var(--ast-global-color-0);\" class=\"ugb-highlight\">Gagarin Studio<\/span><\/strong><\/span> obok mnie na warszawskim Mokotowie u uznanego producenta&nbsp;<span style=\"color: #f2eb91;\"><strong><span style=\"color: var(--ast-global-color-0);\" class=\"ugb-highlight\">Marcina&nbsp;Kwazara<\/span><\/strong><\/span>, na jego wspania\u0142ym analogowym sprz\u0119cie.<\/p>\n\n\n\n<h4 class=\"has-text-align-center wp-block-heading\">Planowane wydanie p\u0142yty maj &#8211; czerwiec&nbsp;2020&nbsp;rok<br \/><b>Zarezerwuj p\u0142yt\u0119 &#8222;MANTRA &amp; REGGAE&#8221; dla siebie : )<\/b><\/h4>\n\n\n\n<div class=\"responsive-embed-container\" style=\"text-align: center;\"><iframe loading=\"lazy\" src=\"https:\/\/www.youtube.com\/embed\/2ulfyrU_ipo\" width=\"560\" height=\"315\" frameborder=\"0\" allowfullscreen=\"allowfullscreen\"><\/iframe><\/div>\n\n\n\n<div style=\"height:30px\" aria-hidden=\"true\" class=\"wp-block-spacer\"><\/div>\n\n\n\n<h3 class=\"has-text-align-center wp-block-heading\"><span style=\"color: var(--ast-global-color-0);\" class=\"ugb-highlight\">Na p\u0142ycie znajd\u0105 si\u0119 mantry:<\/span><\/h3>\n\n\n\n<h5 class=\"has-text-align-center wp-block-heading\">1. MANTRA S\u0141OWIA\u0143SKA&nbsp; &#8211; \u201eRadoro Daro Slavo\u201d<\/h5>\n\n\n\n<h5 class=\"has-text-align-center wp-block-heading\">2. MANTRA WEDYJSKA&nbsp; &#8211; \u201eGayatri Mantra\u201d<\/h5>\n\n\n\n<h5 class=\"has-text-align-center wp-block-heading\">3. MANTRA BUDDYJSKA&nbsp; &#8211; \u201eOm Mani Padme Hum\u201d<\/h5>\n\n\n\n<h5 class=\"has-text-align-center wp-block-heading\">4. MANTRA SIKHIJSKA &#8211; \u201eRa Ma Da Sa\u201d<\/h5>\n\n\n\n<h5 class=\"has-text-align-center wp-block-heading\">5. MANTRA SIKHIJSKA &#8211; \u201eAd Guray Name\u201d<\/h5>\n\n\n\n<h5 class=\"has-text-align-center wp-block-heading\">6. MANTRA SIKHIJSKA &#8211; \u201eOng Namo Gurudev Namo\u201d<\/h5>\n\n\n\n<h5 class=\"has-text-align-center wp-block-heading\">7. MANTRA BUDDYJSKA &#8211; \u201eTeyata Om Gate Gate Paragate Parasam Gate Bodhi Svaha\u201d<\/h5>\n\n\n\n<h5 class=\"has-text-align-center wp-block-heading\">8.&nbsp; MANTRA BUDDYJSKA &#8211; \u201eDehino Smin Yatha&#8230;\u201d<\/h5>\n\n\n\n<h5 class=\"has-text-align-center wp-block-heading\">9. MANTRA BUDDYJSKA &#8211; \u201eOm Bhajshad\u017ce&#8230;\u201d<\/h5>\n\n\n\n<h5 class=\"has-text-align-center wp-block-heading\">10. HINDUSKA PIE\u015a\u0143 BHAD\u017bAN &#8211; \u201eJay Ram Sita Ram Sita Ram\u201d<\/h5>\n\n\n\n<h5 class=\"has-text-align-center wp-block-heading\">11. MANTRA KU CZCI BOGINI &#8211; \u201e Jaya Ma\u201d<\/h5>\n\n\n\n<h5 class=\"has-text-align-center wp-block-heading\">12. MANTRA JOGIN\u00d3W &#8211; \u201eOm Namaha \u015aivaya\u201d<\/h5>\n\n\n\n<h5 class=\"has-text-align-center wp-block-heading\">13. SUPLEMENT &#8211; Mantra \u201eOm Namaha \u015aivaya\u201d w wersji remix Dub\u201d<\/h5>\n\n\n\n<h2 class=\"has-text-align-center wp-block-heading\">Do tej pory wyda\u0142am 3 single:<\/h2>\n\n\n\n<div class=\"wp-block-image\"><figure class=\"aligncenter\"><a href=\"https:\/\/dominikadominiak.pl\/wp-content\/uploads\/2020\/04\/unnamed.jpg\"><img decoding=\"async\" loading=\"lazy\" width=\"670\" height=\"223\" src=\"https:\/\/dominikadominiak.pl\/wp-content\/uploads\/2020\/04\/unnamed.jpg\" alt=\"\" class=\"wp-image-2183\" srcset=\"https:\/\/dominikadominiak.pl\/wp-content\/uploads\/2020\/04\/unnamed.jpg 670w, https:\/\/dominikadominiak.pl\/wp-content\/uploads\/2020\/04\/unnamed-500x166.jpg 500w, https:\/\/dominikadominiak.pl\/wp-content\/uploads\/2020\/04\/unnamed-416x138.jpg 416w, https:\/\/dominikadominiak.pl\/wp-content\/uploads\/2020\/04\/unnamed-300x100.jpg 300w, https:\/\/dominikadominiak.pl\/wp-content\/uploads\/2020\/04\/unnamed-669x223.jpg 669w, https:\/\/dominikadominiak.pl\/wp-content\/uploads\/2020\/04\/unnamed-200x67.jpg 200w, https:\/\/dominikadominiak.pl\/wp-content\/uploads\/2020\/04\/unnamed-400x133.jpg 400w, https:\/\/dominikadominiak.pl\/wp-content\/uploads\/2020\/04\/unnamed-600x200.jpg 600w\" sizes=\"(max-width: 670px) 100vw, 670px\" \/><\/a><\/figure><\/div>\n\n\n\n<p class=\"has-text-align-center\"><span style=\"color: #000080;\"><span style=\"color: #6d6e70;\" class=\"ugb-highlight\">Moje 3&nbsp;single: Gayatri Mantr\u0119, Mantr\u0119 buddyjsk\u0105 &#8222;Om Mani Padme Hum&#8221; i Mantr\u0119 S\u0142owia\u0144sk\u0105 &#8222;Radoro Daro Slavo&#8221; mo\u017cna pos\u0142ucha\u0107 na wszystkich portalach muzycznych mi\u0119dzy innymi na&nbsp;<a style=\"color: #000080;\" href=\"\nhttps:\/\/open.spotify.com\/artist\/7wrz86GcUZxLU42AFXKFQ1\">\n<span style=\"color: #99ccff;\"><strong>Spotify<\/strong><\/span>,&nbsp;<\/a>Itunes i w&nbsp;<a style=\"color: #000080;\" rel=\"noreferrer noopener\" data-saferedirecturl=\"https:\/\/www.google.com\/url?q=http:\/\/empik.com\/&amp;source=gmail&amp;ust=1586891720367000&amp;usg=AFQjCNFwZrcvWmVAaT4fhh6eYELj1QFdlQ\" href=\"https:\/\/www.empik.com\/szukaj\/produkt?author=dominiak+dominika\" target=\"_blank\"><span style=\"color: #99ccff;\"><strong>Empik<\/strong><\/span>.<\/a><\/span><\/span><\/p>\n\n\n\n<h2 class=\"has-text-align-center wp-block-heading\">Serdecznie zapraszam do pos\u0142uchania!<br \/>Video poni\u017cej : )<\/h2>\n\n\n\n<h4 class=\"has-text-align-center wp-block-heading\">Gayatri Mantra<\/h4>\n\n\n\n<div class=\"responsive-embed-container\" style=\"text-align: center;\"><iframe loading=\"lazy\" src=\"https:\/\/www.youtube.com\/embed\/i-TdvuFlRtQ\" width=\"560\" height=\"315\" frameborder=\"0\" allowfullscreen=\"allowfullscreen\"><\/iframe><\/div>\n\n\n\n<h4 class=\"has-text-align-center wp-block-heading\">Om Mani Padme Hum<\/h4>\n\n\n\n<div class=\"responsive-embed-container\" style=\"text-align: center;\"><iframe loading=\"lazy\" src=\"https:\/\/www.youtube.com\/embed\/hsXYOY17WJM\" width=\"560\" height=\"315\" frameborder=\"0\" allowfullscreen=\"allowfullscreen\"><\/iframe><\/div>\n\n\n\n<h4 class=\"has-text-align-center wp-block-heading\">Mantra S\u0142owia\u0144ska<\/h4>\n\n\n\n<div class=\"responsive-embed-container\" style=\"text-align: center;\"><iframe loading=\"lazy\" src=\"https:\/\/www.youtube.com\/embed\/1KHfIxfC8HQ\" width=\"560\" height=\"315\" frameborder=\"0\" allowfullscreen=\"allowfullscreen\"><\/iframe><\/div>\n\n\n\n<div style=\"height:30px\" aria-hidden=\"true\" class=\"wp-block-spacer\"><\/div>\n\n\n\n<h4 class=\"has-text-align-center wp-block-heading\">Dowiedz si\u0119 wi\u0119cej o p\u0142ycie \u201eMANTRA &amp; REGGAE\u201d<\/h4>\n\n\n\n<div class=\"wp-block-columns is-layout-flex wp-container-2 wp-block-columns-is-layout-flex\">\n<div class=\"wp-block-column has-ast-global-color-5-background-color has-background is-layout-flow wp-block-column-is-layout-flow\">\n<div style=\"height:30px\" aria-hidden=\"true\" class=\"wp-block-spacer\"><\/div>\n\n\n\n<h2 class=\"has-text-align-center wp-block-heading\"><meta charset=\"utf-8\"\/>Muzyka jest \u017cyciem<\/h2>\n\n\n\n<div style=\"height:30px\" aria-hidden=\"true\" class=\"wp-block-spacer\"><\/div>\n\n\n\n<h4 class=\"has-text-align-center wp-block-heading\"><meta charset=\"utf-8\"\/><span style=\"color: #c157ce;\" class=\"ugb-highlight\">\u201eMi\u0142o\u015b\u0107 jest czym\u015b najmocniejszym na \u015bwiecie,<br \/>a jednak nie mo\u017cna wyobrazi\u0107 sobie nic bardziej skromnego\u201d<br \/>~ Mahatma Gandhi<\/span><\/h4>\n<\/div>\n<\/div>\n\n\n\n<div style=\"height:30px\" aria-hidden=\"true\" class=\"wp-block-spacer\"><\/div>\n\n\n\n<h3 class=\"has-text-align-center wp-block-heading\"><a href=\"https:\/\/dominikadominiak.pl\/kontakt\/\">Serdecznie zapraszam do kontaktu : )<\/a><\/h3>\n\n\n\n<div style=\"height:30px\" aria-hidden=\"true\" class=\"wp-block-spacer\"><\/div>\n","protected":false},"excerpt":{"rendered":"<p><!-- wp:heading {\"textAlign\":\"center\",\"level\":3} --><\/p>\n<h3 class=\"has-text-align-center\"><span style=\"color: var(--ast-global-color-0);\" class=\"ugb-highlight\">Mantra &amp; Reggae<\/span><\/h3>\n<p><!-- \/wp:heading --><\/p>\n<p><!-- wp:paragraph {\"align\":\"center\"} --...\n<\/p>\n","protected":false},"author":1,"featured_media":0,"parent":16,"menu_order":0,"comment_status":"closed","ping_status":"closed","template":"100-width.php","meta":{"site-sidebar-layout":"default","site-content-layout":"","ast-site-content-layout":"","site-content-style":"default","site-sidebar-style":"default","ast-global-header-display":"","ast-banner-title-visibility":"","ast-main-header-display":"","ast-hfb-above-header-display":"","ast-hfb-below-header-display":"","ast-hfb-mobile-header-display":"","site-post-title":"","ast-breadcrumbs-content":"","ast-featured-img":"","footer-sml-layout":"","theme-transparent-header-meta":"","adv-header-id-meta":"","stick-header-meta":"","header-above-stick-meta":"","header-main-stick-meta":"","header-below-stick-meta":"","astra-migrate-meta-layouts":"default","ast-page-background-enabled":"default","ast-page-background-meta":{"desktop":{"background-color":"var(--ast-global-color-4)","background-image":"","background-repeat":"repeat","background-position":"center center","background-size":"auto","background-attachment":"scroll","background-type":"","background-media":"","overlay-type":"","overlay-color":"","overlay-gradient":""},"tablet":{"background-color":"","background-image":"","background-repeat":"repeat","background-position":"center center","background-size":"auto","background-attachment":"scroll","background-type":"","background-media":"","overlay-type":"","overlay-color":"","overlay-gradient":""},"mobile":{"background-color":"","background-image":"","background-repeat":"repeat","background-position":"center center","background-size":"auto","background-attachment":"scroll","background-type":"","background-media":"","overlay-type":"","overlay-color":"","overlay-gradient":""}},"ast-content-background-meta":{"desktop":{"background-color":"var(--ast-global-color-5)","background-image":"","background-repeat":"repeat","background-position":"center center","background-size":"auto","background-attachment":"scroll","background-type":"","background-media":"","overlay-type":"","overlay-color":"","overlay-gradient":""},"tablet":{"background-color":"var(--ast-global-color-5)","background-image":"","background-repeat":"repeat","background-position":"center center","background-size":"auto","background-attachment":"scroll","background-type":"","background-media":"","overlay-type":"","overlay-color":"","overlay-gradient":""},"mobile":{"background-color":"var(--ast-global-color-5)","background-image":"","background-repeat":"repeat","background-position":"center center","background-size":"auto","background-attachment":"scroll","background-type":"","background-media":"","overlay-type":"","overlay-color":"","overlay-gradient":""}},"footnotes":""},"_links":{"self":[{"href":"https:\/\/dominikadominiak.pl\/pl_PL\/wp-json\/wp\/v2\/pages\/2452"}],"collection":[{"href":"https:\/\/dominikadominiak.pl\/pl_PL\/wp-json\/wp\/v2\/pages"}],"about":[{"href":"https:\/\/dominikadominiak.pl\/pl_PL\/wp-json\/wp\/v2\/types\/page"}],"author":[{"embeddable":true,"href":"https:\/\/dominikadominiak.pl\/pl_PL\/wp-json\/wp\/v2\/users\/1"}],"replies":[{"embeddable":true,"href":"https:\/\/dominikadominiak.pl\/pl_PL\/wp-json\/wp\/v2\/comments?post=2452"}],"version-history":[{"count":77,"href":"https:\/\/dominikadominiak.pl\/pl_PL\/wp-json\/wp\/v2\/pages\/2452\/revisions"}],"predecessor-version":[{"id":3764,"href":"https:\/\/dominikadominiak.pl\/pl_PL\/wp-json\/wp\/v2\/pages\/2452\/revisions\/3764"}],"up":[{"embeddable":true,"href":"https:\/\/dominikadominiak.pl\/pl_PL\/wp-json\/wp\/v2\/pages\/16"}],"wp:attachment":[{"href":"https:\/\/dominikadominiak.pl\/pl_PL\/wp-json\/wp\/v2\/media?parent=2452"}],"curies":[{"name":"wp","href":"https:\/\/api.w.org\/{rel}","templated":true}]}}