{"id":3435,"date":"2020-11-07T20:38:28","date_gmt":"2020-11-07T19:38:28","guid":{"rendered":"https:\/\/dominikadominiak.pl\/?page_id=3435"},"modified":"2022-01-13T02:49:12","modified_gmt":"2022-01-13T01:49:12","slug":"true-love-mantra-om-namaha-siva","status":"publish","type":"page","link":"https:\/\/dominikadominiak.pl\/pl_PL\/albums\/true-love-mantra-om-namaha-siva\/","title":{"rendered":"True Love & Mantra Om namaha S\u0301iva"},"content":{"rendered":"\n<p><\/p>\n\n\n\n<p>You got&nbsp;a show love, you got a show love x4<br \/>Om namaha \u015aivaya, Om Namaha \u015aiva&nbsp;x2<br \/>u\u0142ooouu\u0142ou\u0142o\u0142&nbsp;ijeijeije<\/p>\n\n\n\n<p>Om namaha \u015aivaya, Om Namaha \u015aiva&nbsp;x2<br \/>Oo mama a \u015aiva, nama \u015aiva Nama \u015aiva x2<\/p>\n\n\n\n<p>You got a show love any way&nbsp;you go,<br \/>true love never die, any that me know<br \/>you planted like a tree, that you watched&nbsp;grow<br \/>thats the reality, reality<\/p>\n\n\n\n<p>Om namaha \u015aivaya, Om Namaha \u015aiva&nbsp;x2<br \/>Oo mama a \u015aiva, nama \u015aiva Nama \u015aiva x2<br \/>u\u0142ooouu\u0142ou\u0142o\u0142&nbsp;ijeijeije<\/p>\n\n\n\n<p>Nakosenga na Moto nyonso eyeba bolingo ezala eloko ya tina namokili tolingana to salisana<br \/>Nakosenga na Moto nyonso eyeba bolingo ezala nango tina namokili tolingana to ye bana to salisana<\/p>\n\n\n\n<p>Tolingana pe salisana<br \/>Tolinga pe to ye bana<\/p>\n\n\n\n<p>Om om om<br \/>Om Namaha \u015aiva&nbsp;x7<\/p>\n\n\n\n<p class=\"has-text-align-center\">Dominika Dominiak with guests:<br \/>Eesah from Jamaica<br \/>Ricky Lion from Africa<br \/>ASTON BARETT JR \u201eThe Wailers\u201d<\/p>\n\n\n\n<figure class=\"wp-block-embed is-type-rich is-provider-embed-handler wp-block-embed-embed-handler wp-embed-aspect-16-9 wp-has-aspect-ratio\"><div class=\"wp-block-embed__wrapper\">\n<div class=\"ast-oembed-container \" style=\"height: 100%;\"><iframe loading=\"lazy\" title=\"Dominika Dominiak Ft. Eesah Ft.  Ricky Lion- True Love &amp; mantra Om Namaha \u015aiva [ DD TV ] music 528hz\" width=\"500\" height=\"281\" src=\"https:\/\/www.youtube.com\/embed\/FtwBWt9BP1o?feature=oembed\" frameborder=\"0\" allow=\"accelerometer; autoplay; clipboard-write; encrypted-media; gyroscope; picture-in-picture\" allowfullscreen><\/iframe><\/div>\n<\/div><\/figure>\n","protected":false},"excerpt":{"rendered":"<p><!-- wp:paragraph --><\/p>\n<p><!-- \/wp:paragraph --><\/p>\n<p><!-- wp:paragraph --><\/p>\n<p>You got&nbsp;a show love, you got a show love x4<br \/>Om namaha \u015aivaya, Om Namaha \u015aiva&nbsp;x2<br \/>u\u0142ooouu\u0142ou\u0142o\u0142&nbsp;ijeijeije<\/p>\n<p><!-- \/wp:paragraph --><\/p>\n<p><!-- wp:paragraph ...\n<\/p>\n","protected":false},"author":1,"featured_media":0,"parent":16,"menu_order":0,"comment_status":"closed","ping_status":"closed","template":"100-width.php","meta":{"site-sidebar-layout":"default","site-content-layout":"","ast-site-content-layout":"","site-content-style":"default","site-sidebar-style":"default","ast-global-header-display":"","ast-banner-title-visibility":"","ast-main-header-display":"","ast-hfb-above-header-display":"","ast-hfb-below-header-display":"","ast-hfb-mobile-header-display":"","site-post-title":"","ast-breadcrumbs-content":"","ast-featured-img":"","footer-sml-layout":"","theme-transparent-header-meta":"","adv-header-id-meta":"","stick-header-meta":"","header-above-stick-meta":"","header-main-stick-meta":"","header-below-stick-meta":"","astra-migrate-meta-layouts":"default","ast-page-background-enabled":"default","ast-page-background-meta":{"desktop":{"background-color":"var(--ast-global-color-4)","background-image":"","background-repeat":"repeat","background-position":"center center","background-size":"auto","background-attachment":"scroll","background-type":"","background-media":"","overlay-type":"","overlay-color":"","overlay-gradient":""},"tablet":{"background-color":"","background-image":"","background-repeat":"repeat","background-position":"center center","background-size":"auto","background-attachment":"scroll","background-type":"","background-media":"","overlay-type":"","overlay-color":"","overlay-gradient":""},"mobile":{"background-color":"","background-image":"","background-repeat":"repeat","background-position":"center center","background-size":"auto","background-attachment":"scroll","background-type":"","background-media":"","overlay-type":"","overlay-color":"","overlay-gradient":""}},"ast-content-background-meta":{"desktop":{"background-color":"var(--ast-global-color-5)","background-image":"","background-repeat":"repeat","background-position":"center center","background-size":"auto","background-attachment":"scroll","background-type":"","background-media":"","overlay-type":"","overlay-color":"","overlay-gradient":""},"tablet":{"background-color":"var(--ast-global-color-5)","background-image":"","background-repeat":"repeat","background-position":"center center","background-size":"auto","background-attachment":"scroll","background-type":"","background-media":"","overlay-type":"","overlay-color":"","overlay-gradient":""},"mobile":{"background-color":"var(--ast-global-color-5)","background-image":"","background-repeat":"repeat","background-position":"center center","background-size":"auto","background-attachment":"scroll","background-type":"","background-media":"","overlay-type":"","overlay-color":"","overlay-gradient":""}},"footnotes":""},"_links":{"self":[{"href":"https:\/\/dominikadominiak.pl\/pl_PL\/wp-json\/wp\/v2\/pages\/3435"}],"collection":[{"href":"https:\/\/dominikadominiak.pl\/pl_PL\/wp-json\/wp\/v2\/pages"}],"about":[{"href":"https:\/\/dominikadominiak.pl\/pl_PL\/wp-json\/wp\/v2\/types\/page"}],"author":[{"embeddable":true,"href":"https:\/\/dominikadominiak.pl\/pl_PL\/wp-json\/wp\/v2\/users\/1"}],"replies":[{"embeddable":true,"href":"https:\/\/dominikadominiak.pl\/pl_PL\/wp-json\/wp\/v2\/comments?post=3435"}],"version-history":[{"count":7,"href":"https:\/\/dominikadominiak.pl\/pl_PL\/wp-json\/wp\/v2\/pages\/3435\/revisions"}],"predecessor-version":[{"id":3660,"href":"https:\/\/dominikadominiak.pl\/pl_PL\/wp-json\/wp\/v2\/pages\/3435\/revisions\/3660"}],"up":[{"embeddable":true,"href":"https:\/\/dominikadominiak.pl\/pl_PL\/wp-json\/wp\/v2\/pages\/16"}],"wp:attachment":[{"href":"https:\/\/dominikadominiak.pl\/pl_PL\/wp-json\/wp\/v2\/media?parent=3435"}],"curies":[{"name":"wp","href":"https:\/\/api.w.org\/{rel}","templated":true}]}}