{"id":8,"date":"2016-07-14T12:00:56","date_gmt":"2016-07-14T10:00:56","guid":{"rendered":"http:\/\/dominika\/?page_id=8"},"modified":"2026-02-22T20:17:34","modified_gmt":"2026-02-22T19:17:34","slug":"home","status":"publish","type":"page","link":"https:\/\/dominikadominiak.pl\/pl_PL\/","title":{"rendered":"Strona g\u0142\u00f3wna"},"content":{"rendered":"\n<h2 class=\"wp-block-heading has-text-align-center has-ast-global-color-5-background-color has-background\"><strong>Muzyka, kt\u00f3ra wprowadzi Ci\u0119 w pozytywny nastr\u00f3j, da spok\u00f3j, si\u0142\u0119 i wiar\u0119<\/strong><\/h2>\n\n\n\n<p class=\"has-text-align-center\">Chc\u0119 si\u0119 tym z Tob\u0105 tutaj podzieli\u0107&nbsp;<\/p>\n\n\n\n<h3 class=\"wp-block-heading has-text-align-center\"><strong>Staro\u017cytne mantry maj\u0105 niezwyk\u0142\u0105 moc uzdrawiania umys\u0142u i duszy.<\/strong><br \/><strong>Do\u015bwiadczy\u0142am tego osobi\u015bcie &nbsp;i do\u015bwiadczam za ka\u017cdym razem, gdy je \u015bpiewam.<\/strong><\/h3>\n\n\n\n<p class=\"has-text-align-center\">Kiedy zaczynam \u015bpiewa\u0107 mantry w pozytywnej aran\u017cacji reggae, m\u00f3j umys\u0142 ju\u017c po kilku minutach si\u0119 uspokaja, a cia\u0142o i serce wype\u0142nia dobra, harmonijna energia.<br \/>Pojawia si\u0119 rado\u015b\u0107, lekko\u015b\u0107, \u015bwiat\u0142o i mi\u0142o\u015b\u0107.<br \/>Jestem w Tu i Teraz, a napi\u0119cia i obawy po prostu znikaj\u0105\u2026<\/p>\n\n\n\n<h3 class=\"wp-block-heading has-text-align-center\"><strong>Ty r\u00f3wnie\u017c mo\u017cesz tego do\u015bwiadczy\u0107 &nbsp;nawet tylko s\u0142uchaj\u0105c mantr.<\/strong><\/h3>\n\n\n\n<p class=\"has-text-align-center\">Badania naukowe pokazuj\u0105, \u017ce ju\u017c po oko\u0142o 9 minutach intonowania lub s\u0142uchania mantr umys\u0142 si\u0119 wycisza, a obie p\u00f3\u0142kule m\u00f3zgu zaczynaj\u0105 si\u0119 harmonizowa\u0107.<br \/>Od wiek\u00f3w mantry by\u0142y u\u017cywane przez mnich\u00f3w do osi\u0105gania g\u0142\u0119bokich stan\u00f3w medytacyjnych i poszerzonej \u015bwiadomo\u015bci.<\/p>\n\n\n\n<p class=\"has-text-align-center\">By\u0142am tak\u017ce \u015bwiadkiem tego, jak ogromny wp\u0142yw mantry maj\u0105 na dzieci zar\u00f3wno te najm\u0142odsze, kt\u00f3re dopiero ucz\u0105 si\u0119 m\u00f3wi\u0107, jak i starsze, w wieku przedszkolnym,&nbsp;z nadpobudliwo\u015bci\u0105, l\u0119kiem czy trudno\u015bciami emocjonalnymi.<\/p>\n\n\n\n<p class=\"has-text-align-center\">Przez dwa lata prowadzi\u0142am koncerty mantr w ramach program\u00f3w rozwoju \u015bwiadomo\u015bci dla dzieci w prywatnych przedszkolach w Warszawie i we Wroc\u0142awiu.<br \/>Efekty by\u0142y naprawd\u0119 poruszaj\u0105ce.<\/p>\n\n\n\n<p class=\"has-text-align-center\">R\u00f3wnolegle do tej pracy do tej pory wyst\u0119powa\u0142am r\u00f3wnie\u017c na r\u00f3\u017cnych festiwalach w Polsce, realizuj\u0105c koncerty mantr dla doros\u0142ych i rodzin,&nbsp;dziel\u0105c si\u0119 t\u0105 muzyk\u0105 w przestrzeni festiwalowej, wsp\u00f3lnotowej i otwartej na \u015bwiadome brzmienia.<\/p>\n\n\n\n<p class=\"has-text-align-center\">W Wielkiej Brytanii w jednej z prywatnych szk\u00f3\u0142 wprowadzono poranne recytowanie mantr i tekst\u00f3w w sanskrycie jako sta\u0142y element dnia szkolnego. Zaobserwowano, \u017ce dzieci s\u0105 spokojniejsze, lepiej si\u0119 ucz\u0105 i \u0142atwiej si\u0119 koncentruj\u0105.<\/p>\n\n\n\n<h3 class=\"wp-block-heading has-text-align-center\"><strong>Dlatego z ca\u0142ego serca polecam s\u0142uchanie mantr &#8211; dla siebie i dla dzieci &#8211; przed nauk\u0105,&nbsp;przed snem i o poranku, aby nastroi\u0107 umys\u0142 pozytywnie na ca\u0142y dzie\u0144.<\/strong><\/h3>\n\n\n\n<h3 class=\"wp-block-heading has-text-align-center\"><strong>Mantry od wielu lat s\u0105 moj\u0105 praktyk\u0105 duchow\u0105.<\/strong><\/h3>\n\n\n\n<p class=\"has-text-align-center\">Pomog\u0142y mi uwolni\u0107 si\u0119 od trudnych wspomnie\u0144, negatywnych przekona\u0144. Mantry pomagaj\u0105 wyj\u015b\u0107 z uzale\u017cnie\u0144.<\/p>\n\n\n\n<p class=\"has-text-align-center\">Podczas \u015bpiewania mantr zacz\u0119\u0142am do\u015bwiadcza\u0107 tego, za czym bardzo t\u0119skni\u0142am \u2014 mi\u0142o\u015bci, rado\u015bci i wewn\u0119trznego spokoju.<\/p>\n\n\n\n<p class=\"has-text-align-center\">Z potrzeby serca i ch\u0119ci podzielenia si\u0119 tym do\u015bwiadczeniem powsta\u0142 projekt<\/p>\n\n\n\n<h2 class=\"wp-block-heading has-text-align-center\"><strong>\u201eMantra &amp; Reggae\u201d<\/strong><\/h2>\n\n\n\n<h3 class=\"wp-block-heading has-text-align-center\"><strong>EP \/ singiel \u201eMantra &amp; Reggae\u201d &nbsp;limitowana edycja<\/strong><\/h3>\n\n\n\n<p class=\"has-text-align-center\">Obecnie w sprzeda\u017cy dost\u0119pna jest limitowana EP-ka (singiel) zawieraj\u0105ca<\/p>\n\n\n\n<h4 class=\"wp-block-heading has-text-align-center\"><strong>3 mantry<\/strong><\/h4>\n\n\n\n<p class=\"has-text-align-center\">nagrane w nowoczesnych aran\u017cacjach reggae i ambient.<\/p>\n\n\n\n<p class=\"has-text-align-center\">To przedsmak pe\u0142nego albumu \u201eMantra &amp; Reggae\u201d energetyczna, koj\u0105ca i bardzo pozytywna muzyka, kt\u00f3ra \u0142\u0105czy staro\u017cytn\u0105 m\u0105dro\u015b\u0107 mantr ze wsp\u00f3\u0142czesnym brzmieniem.<\/p>\n\n\n\n<p class=\"has-text-align-center\">Nagrania powsta\u0142y w studiach w Polsce, na Jamajce m.in. w legendarnym Grafton Studio w Kingston na Jamajce oraz w studio 701 u Leszka Mo\u017cd\u017cera we Wroc\u0142awiu.<\/p>\n\n\n\n<p class=\"has-text-align-center\">EP-ka zosta\u0142a nagrana w stroju Solfeggio 528 Hz, kt\u00f3ry ma bardzo pozytywny wp\u0142yw na ludzkie DNA, uk\u0142ad nerwowy i pole energetyczne.<\/p>\n\n\n\n<p class=\"has-text-align-center\">&nbsp;To muzyka, kt\u00f3r\u0105 mo\u017cesz:<\/p>\n\n\n\n<ul>\n<li>medytowa\u0107<\/li>\n\n\n\n<li>relaksowa\u0107 si\u0119<\/li>\n\n\n\n<li>puszcza\u0107 dzieciom<\/li>\n\n\n\n<li>s\u0142ucha\u0107 przed snem i o poranku<\/li>\n\n\n\n<li>albo po prostu poczu\u0107 dobr\u0105 energi\u0119 reggae &amp; mantr<\/li>\n<\/ul>\n\n\n\n<p class=\"has-text-align-center\">&nbsp;Zam\u00f3w EP-k\u0119 \u201eMantra &amp; Reggae\u201d z limitowanej serii (z podpisem)<\/p>\n\n\n\n<p class=\"has-text-align-center\">&nbsp;Napisz na:&nbsp;<a href=\"mailto:OFFICE@DOMINIKADOMINIAK.PL\">OFFICE@DOMINIKADOMINIAK.PL<\/a><\/p>\n\n\n\n<h4 class=\"wp-block-heading has-text-align-center\"><\/h4>\n\n\n\n<p class=\"has-text-align-center\"><\/p>\n\n\n\n<figure class=\"wp-block-image aligncenter\"><a href=\"https:\/\/dominikadominiak.pl\/wp-content\/uploads\/2020\/04\/Dominika-banner-Patronite-02.jpg\"><img decoding=\"async\" src=\"https:\/\/dominikadominiak.pl\/wp-content\/uploads\/2020\/04\/Dominika-banner-Patronite-02-600x601.jpg\" alt=\"\" class=\"wp-image-2033\"\/><\/a><\/figure>\n\n\n\n<div style=\"height:22px\" aria-hidden=\"true\" class=\"wp-block-spacer\"><\/div>\n\n\n\n<p><\/p>\n\n\n\n<div class=\"wp-block-columns is-layout-flex wp-container-2 wp-block-columns-is-layout-flex\">\n<div class=\"wp-block-column has-ast-global-color-5-background-color has-background is-layout-flow wp-block-column-is-layout-flow\">\n<p><\/p>\n\n\n\n<p class=\"has-text-align-center\"><\/p>\n\n\n\n<div style=\"height:30px\" aria-hidden=\"true\" class=\"wp-block-spacer\"><\/div>\n<\/div>\n<\/div>\n\n\n\n<div style=\"height:40px\" aria-hidden=\"true\" class=\"wp-block-spacer\"><\/div>\n\n\n\n<h4 class=\"wp-block-heading has-text-align-center\">Gayatri Mantra<\/h4>\n\n\n\n<div style=\"height:22px\" aria-hidden=\"true\" class=\"wp-block-spacer\"><\/div>\n\n\n\n<div class=\"responsive-embed-container\" style=\"text-align: center;\"><iframe loading=\"lazy\" src=\"https:\/\/www.youtube.com\/embed\/i-TdvuFlRtQ\" width=\"560\" height=\"315\" frameborder=\"0\" allowfullscreen=\"allowfullscreen\"><\/iframe><\/div>\n\n\n\n<div style=\"height:30px\" aria-hidden=\"true\" class=\"wp-block-spacer\"><\/div>\n\n\n\n<h4 class=\"wp-block-heading has-text-align-center\">Om Mani Padme Hum<\/h4>\n\n\n\n<div style=\"height:22px\" aria-hidden=\"true\" class=\"wp-block-spacer\"><\/div>\n\n\n\n<div class=\"responsive-embed-container\" style=\"text-align: center;\"><iframe loading=\"lazy\" src=\"https:\/\/www.youtube.com\/embed\/hsXYOY17WJM\" width=\"560\" height=\"315\" frameborder=\"0\" allowfullscreen=\"allowfullscreen\"><\/iframe><\/div>\n\n\n\n<div style=\"height:33px\" aria-hidden=\"true\" class=\"wp-block-spacer\"><\/div>\n\n\n\n<h4 class=\"wp-block-heading has-text-align-center\">Mantra S\u0142owia\u0144ska<\/h4>\n\n\n\n<div style=\"height:22px\" aria-hidden=\"true\" class=\"wp-block-spacer\"><\/div>\n\n\n\n<div class=\"responsive-embed-container\" style=\"text-align: center;\"><iframe loading=\"lazy\" src=\"https:\/\/www.youtube.com\/embed\/1KHfIxfC8HQ\" width=\"560\" height=\"315\" frameborder=\"0\" allowfullscreen=\"allowfullscreen\"><\/iframe><\/div>\n\n\n\n<div style=\"height:58px\" aria-hidden=\"true\" class=\"wp-block-spacer\"><\/div>\n\n\n\n<h3 class=\"wp-block-heading has-text-align-center\">Serdecznie zapraszam na moje Social Media : )<\/h3>\n\n\n\n<ul class=\"wp-block-social-links aligncenter has-large-icon-size items-justified-center is-style-logos-only is-layout-flex wp-block-social-links-is-layout-flex\"><li class=\"wp-social-link wp-social-link-facebook  wp-block-social-link\"><a href=\"https:\/\/www.facebook.com\/share\/17ojbhGVPA\/?mibextid=wwXIfr\" class=\"wp-block-social-link-anchor\"><svg width=\"24\" height=\"24\" viewBox=\"0 0 24 24\" version=\"1.1\" xmlns=\"http:\/\/www.w3.org\/2000\/svg\" aria-hidden=\"true\" focusable=\"false\"><path d=\"M12 2C6.5 2 2 6.5 2 12c0 5 3.7 9.1 8.4 9.9v-7H7.9V12h2.5V9.8c0-2.5 1.5-3.9 3.8-3.9 1.1 0 2.2.2 2.2.2v2.5h-1.3c-1.2 0-1.6.8-1.6 1.6V12h2.8l-.4 2.9h-2.3v7C18.3 21.1 22 17 22 12c0-5.5-4.5-10-10-10z\"><\/path><\/svg><span class=\"wp-block-social-link-label screen-reader-text\">Facebook<\/span><\/a><\/li>\n\n<li class=\"wp-social-link wp-social-link-instagram  wp-block-social-link\"><a href=\"https:\/\/www.instagram.com\/dominika.onelove?igsh=MW04MDhxd254ZGRsZA%3D%3D&#038;utm_source=qr\" class=\"wp-block-social-link-anchor\"><svg width=\"24\" height=\"24\" viewBox=\"0 0 24 24\" version=\"1.1\" xmlns=\"http:\/\/www.w3.org\/2000\/svg\" aria-hidden=\"true\" focusable=\"false\"><path d=\"M12,4.622c2.403,0,2.688,0.009,3.637,0.052c0.877,0.04,1.354,0.187,1.671,0.31c0.42,0.163,0.72,0.358,1.035,0.673 c0.315,0.315,0.51,0.615,0.673,1.035c0.123,0.317,0.27,0.794,0.31,1.671c0.043,0.949,0.052,1.234,0.052,3.637 s-0.009,2.688-0.052,3.637c-0.04,0.877-0.187,1.354-0.31,1.671c-0.163,0.42-0.358,0.72-0.673,1.035 c-0.315,0.315-0.615,0.51-1.035,0.673c-0.317,0.123-0.794,0.27-1.671,0.31c-0.949,0.043-1.233,0.052-3.637,0.052 s-2.688-0.009-3.637-0.052c-0.877-0.04-1.354-0.187-1.671-0.31c-0.42-0.163-0.72-0.358-1.035-0.673 c-0.315-0.315-0.51-0.615-0.673-1.035c-0.123-0.317-0.27-0.794-0.31-1.671C4.631,14.688,4.622,14.403,4.622,12 s0.009-2.688,0.052-3.637c0.04-0.877,0.187-1.354,0.31-1.671c0.163-0.42,0.358-0.72,0.673-1.035 c0.315-0.315,0.615-0.51,1.035-0.673c0.317-0.123,0.794-0.27,1.671-0.31C9.312,4.631,9.597,4.622,12,4.622 M12,3 C9.556,3,9.249,3.01,8.289,3.054C7.331,3.098,6.677,3.25,6.105,3.472C5.513,3.702,5.011,4.01,4.511,4.511 c-0.5,0.5-0.808,1.002-1.038,1.594C3.25,6.677,3.098,7.331,3.054,8.289C3.01,9.249,3,9.556,3,12c0,2.444,0.01,2.751,0.054,3.711 c0.044,0.958,0.196,1.612,0.418,2.185c0.23,0.592,0.538,1.094,1.038,1.594c0.5,0.5,1.002,0.808,1.594,1.038 c0.572,0.222,1.227,0.375,2.185,0.418C9.249,20.99,9.556,21,12,21s2.751-0.01,3.711-0.054c0.958-0.044,1.612-0.196,2.185-0.418 c0.592-0.23,1.094-0.538,1.594-1.038c0.5-0.5,0.808-1.002,1.038-1.594c0.222-0.572,0.375-1.227,0.418-2.185 C20.99,14.751,21,14.444,21,12s-0.01-2.751-0.054-3.711c-0.044-0.958-0.196-1.612-0.418-2.185c-0.23-0.592-0.538-1.094-1.038-1.594 c-0.5-0.5-1.002-0.808-1.594-1.038c-0.572-0.222-1.227-0.375-2.185-0.418C14.751,3.01,14.444,3,12,3L12,3z M12,7.378 c-2.552,0-4.622,2.069-4.622,4.622S9.448,16.622,12,16.622s4.622-2.069,4.622-4.622S14.552,7.378,12,7.378z M12,15 c-1.657,0-3-1.343-3-3s1.343-3,3-3s3,1.343,3,3S13.657,15,12,15z M16.804,6.116c-0.596,0-1.08,0.484-1.08,1.08 s0.484,1.08,1.08,1.08c0.596,0,1.08-0.484,1.08-1.08S17.401,6.116,16.804,6.116z\"><\/path><\/svg><span class=\"wp-block-social-link-label screen-reader-text\">Instagram<\/span><\/a><\/li>\n\n<li class=\"wp-social-link wp-social-link-youtube  wp-block-social-link\"><a href=\"https:\/\/www.youtube.com\/channel\/UC-QrwLogflgceHBDPTY0OMw\" class=\"wp-block-social-link-anchor\"><svg width=\"24\" height=\"24\" viewBox=\"0 0 24 24\" version=\"1.1\" xmlns=\"http:\/\/www.w3.org\/2000\/svg\" aria-hidden=\"true\" focusable=\"false\"><path d=\"M21.8,8.001c0,0-0.195-1.378-0.795-1.985c-0.76-0.797-1.613-0.801-2.004-0.847c-2.799-0.202-6.997-0.202-6.997-0.202 h-0.009c0,0-4.198,0-6.997,0.202C4.608,5.216,3.756,5.22,2.995,6.016C2.395,6.623,2.2,8.001,2.2,8.001S2,9.62,2,11.238v1.517 c0,1.618,0.2,3.237,0.2,3.237s0.195,1.378,0.795,1.985c0.761,0.797,1.76,0.771,2.205,0.855c1.6,0.153,6.8,0.201,6.8,0.201 s4.203-0.006,7.001-0.209c0.391-0.047,1.243-0.051,2.004-0.847c0.6-0.607,0.795-1.985,0.795-1.985s0.2-1.618,0.2-3.237v-1.517 C22,9.62,21.8,8.001,21.8,8.001z M9.935,14.594l-0.001-5.62l5.404,2.82L9.935,14.594z\"><\/path><\/svg><span class=\"wp-block-social-link-label screen-reader-text\">YouTube<\/span><\/a><\/li><\/ul>\n\n\n\n<div style=\"height:58px\" aria-hidden=\"true\" class=\"wp-block-spacer\"><\/div>\n","protected":false},"excerpt":{"rendered":"<p><!-- wp:heading {\"textAlign\":\"center\",\"backgroundColor\":\"ast-global-color-5\"} --><\/p>\n<h2 class=\"wp-block-heading has-text-align-center has-ast-global-color-5-background-color has-background\"><strong>Muzyka, kt\u00f3ra wprowadzi Ci\u0119 w pozytywny nastr\u00f3j, da sp&#8230;<\/p>\n","protected":false},"author":1,"featured_media":0,"parent":0,"menu_order":0,"comment_status":"closed","ping_status":"closed","template":"","meta":{"site-sidebar-layout":"default","site-content-layout":"","ast-site-content-layout":"default","site-content-style":"default","site-sidebar-style":"default","ast-global-header-display":"","ast-banner-title-visibility":"","ast-main-header-display":"","ast-hfb-above-header-display":"","ast-hfb-below-header-display":"","ast-hfb-mobile-header-display":"","site-post-title":"disabled","ast-breadcrumbs-content":"","ast-featured-img":"","footer-sml-layout":"","theme-transparent-header-meta":"","adv-header-id-meta":"","stick-header-meta":"","header-above-stick-meta":"","header-main-stick-meta":"","header-below-stick-meta":"","astra-migrate-meta-layouts":"set","ast-page-background-enabled":"default","ast-page-background-meta":{"desktop":{"background-color":"var(--ast-global-color-4)","background-image":"","background-repeat":"repeat","background-position":"center center","background-size":"auto","background-attachment":"scroll","background-type":"","background-media":"","overlay-type":"","overlay-color":"","overlay-gradient":""},"tablet":{"background-color":"","background-image":"","background-repeat":"repeat","background-position":"center center","background-size":"auto","background-attachment":"scroll","background-type":"","background-media":"","overlay-type":"","overlay-color":"","overlay-gradient":""},"mobile":{"background-color":"","background-image":"","background-repeat":"repeat","background-position":"center center","background-size":"auto","background-attachment":"scroll","background-type":"","background-media":"","overlay-type":"","overlay-color":"","overlay-gradient":""}},"ast-content-background-meta":{"desktop":{"background-color":"var(--ast-global-color-5)","background-image":"","background-repeat":"repeat","background-position":"center center","background-size":"auto","background-attachment":"scroll","background-type":"","background-media":"","overlay-type":"","overlay-color":"","overlay-gradient":""},"tablet":{"background-color":"var(--ast-global-color-5)","background-image":"","background-repeat":"repeat","background-position":"center center","background-size":"auto","background-attachment":"scroll","background-type":"","background-media":"","overlay-type":"","overlay-color":"","overlay-gradient":""},"mobile":{"background-color":"var(--ast-global-color-5)","background-image":"","background-repeat":"repeat","background-position":"center center","background-size":"auto","background-attachment":"scroll","background-type":"","background-media":"","overlay-type":"","overlay-color":"","overlay-gradient":""}},"footnotes":""},"_links":{"self":[{"href":"https:\/\/dominikadominiak.pl\/pl_PL\/wp-json\/wp\/v2\/pages\/8"}],"collection":[{"href":"https:\/\/dominikadominiak.pl\/pl_PL\/wp-json\/wp\/v2\/pages"}],"about":[{"href":"https:\/\/dominikadominiak.pl\/pl_PL\/wp-json\/wp\/v2\/types\/page"}],"author":[{"embeddable":true,"href":"https:\/\/dominikadominiak.pl\/pl_PL\/wp-json\/wp\/v2\/users\/1"}],"replies":[{"embeddable":true,"href":"https:\/\/dominikadominiak.pl\/pl_PL\/wp-json\/wp\/v2\/comments?post=8"}],"version-history":[{"count":329,"href":"https:\/\/dominikadominiak.pl\/pl_PL\/wp-json\/wp\/v2\/pages\/8\/revisions"}],"predecessor-version":[{"id":3879,"href":"https:\/\/dominikadominiak.pl\/pl_PL\/wp-json\/wp\/v2\/pages\/8\/revisions\/3879"}],"wp:attachment":[{"href":"https:\/\/dominikadominiak.pl\/pl_PL\/wp-json\/wp\/v2\/media?parent=8"}],"curies":[{"name":"wp","href":"https:\/\/api.w.org\/{rel}","templated":true}]}}