{"id":876,"date":"2017-06-26T19:36:57","date_gmt":"2017-06-26T19:36:57","guid":{"rendered":"http:\/\/dominika\/?page_id=876"},"modified":"2026-01-16T23:35:22","modified_gmt":"2026-01-16T22:35:22","slug":"fans","status":"publish","type":"page","link":"https:\/\/dominikadominiak.pl\/pl_PL\/fans\/","title":{"rendered":"O Mnie"},"content":{"rendered":"\n<h4 class=\"wp-block-heading\">Dominika Dominiak<\/h4>\n\n\n\n<figure class=\"wp-block-image alignright\"><a href=\"https:\/\/dominikadominiak.pl\/wp-content\/uploads\/2020\/04\/2-2.jpg\"><img decoding=\"async\" loading=\"lazy\" width=\"200\" height=\"303\" src=\"https:\/\/dominikadominiak.pl\/wp-content\/uploads\/2020\/04\/2-2-200x303.jpg\" alt=\"\" class=\"wp-image-2684\" srcset=\"https:\/\/dominikadominiak.pl\/wp-content\/uploads\/2020\/04\/2-2-200x303.jpg 200w, https:\/\/dominikadominiak.pl\/wp-content\/uploads\/2020\/04\/2-2-500x757.jpg 500w, https:\/\/dominikadominiak.pl\/wp-content\/uploads\/2020\/04\/2-2-416x630.jpg 416w, https:\/\/dominikadominiak.pl\/wp-content\/uploads\/2020\/04\/2-2-198x300.jpg 198w, https:\/\/dominikadominiak.pl\/wp-content\/uploads\/2020\/04\/2-2-676x1024.jpg 676w, https:\/\/dominikadominiak.pl\/wp-content\/uploads\/2020\/04\/2-2-400x605.jpg 400w, https:\/\/dominikadominiak.pl\/wp-content\/uploads\/2020\/04\/2-2-600x908.jpg 600w, https:\/\/dominikadominiak.pl\/wp-content\/uploads\/2020\/04\/2-2.jpg 693w\" sizes=\"(max-width: 200px) 100vw, 200px\" \/><\/a><\/figure>\n\n\n\n<p class=\"p1\"><span style=\"color: #ffff99;\"><strong><em><span style=\"color: #c157ce;\" class=\"ugb-highlight\">&#8230;I przysz\u0142a&#8230; Nie wiadomo sk\u0105d? W takiej serdecznej piosence&#8230;<br \/>Dzisiaj w ten czas, ka\u017cdy z nas jest sam i czeka na jej wizyt\u0119&#8230;<br \/>Tej jasnej duszki z \u0142\u0105k i las\u00f3w, Polan, kr\u00f3lewny cho\u0107 bez korony,<br \/>tak dzi\u015b nam ci\u0105\u017c\u0105cej, bo niewidzialnej.<br \/>Dominika urzeka swoj\u0105 szczer\u0105 czu\u0142o\u015bci\u0105 mi\u0142osnej modlitwy.<br \/>W s\u0142onecznej uwodz\u0105cej ka\u017cdego ko\u0142ysance reggae.<br \/>Dominika Dominiak nie udaje nikogo &#8211; jest sob\u0105 z wylewn\u0105 mi\u0142o\u015bci\u0105,<br \/>obudzon\u0105 w przyp\u0142ywie mantry, w mistycznym transie rytm\u00f3w<br \/>nyiabinghi z serca Jamajki. To fala \u0142aski Dominiki jak Bo\u017ce Cia\u0142o<br \/>w &#8222;Bieleni&#8221; zrodzone. Dla ludzi ze \u015bwi\u0119tej prawdy \u017cycia i<br \/>samotnego ducha poszukiwanego w pustym dzi\u015b ko\u015bciele.<\/span><\/em><\/strong><\/span><\/p>\n\n\n\n<p class=\"has-text-align-center p1\"><span style=\"color: #ffff99;\"><strong><em><span style=\"color: #c157ce;\" class=\"ugb-highlight\">W\u0142odzimierz Kleszcz &#8211; animator World Music<\/span><\/em><\/strong><\/span><\/p>\n\n\n\n<h3 class=\"wp-block-heading\">Dominika Dominiak o sobie:<\/h3>\n\n\n\n<p>Zacz\u0119\u0142am \u015bpiewa\u0107 w 2006 roku i ucz\u0119szcza\u0142am na emisje g\u0142osu do jednych z najlepszych nauczycieli \u015bpiewu,&nbsp;Agaty i Tadeusza Konador&nbsp;z Warszawy&nbsp;<a href=\"http:\/\/emisjaglosu.pl\/O_Nas.html\">(Czytaj wi\u0119cej&#8230;)<\/a>,&nbsp;Olgi Szwajgier z Krakowa&nbsp;<a href=\"https:\/\/www.facebook.com\/olgaszwajgier\/\">(Czytaj wi\u0119cej&#8230;)<\/a>&nbsp;i Ewy G\u0142owackiej z Wroc\u0142awia <a href=\"https:\/\/www.facebook.com\/profile.php?id=100009284461712\">(Czytaj wi\u0119cej&#8230;)<\/a>. Wcze\u015bniej by\u0142am poch\u0142oni\u0119ta sztuk\u0105, malarstwem, aktorstwem i zagra\u0142am kilka epizod\u00f3w w znanych serialach&nbsp;<a href=\"https:\/\/m.imdb.com\/name\/nm10389918\/\">(Czytaj wi\u0119cej&#8230;)<\/a>, studiowa\u0142am te\u017c projektowanie mody. By\u0142am te\u017c tancerk\u0105, w wieku 13 lat dosta\u0142am si\u0119 do warszawskiego musicalu METRO Janusza J\u00f3zefowicza.<\/p>\n\n\n\n<figure class=\"wp-block-image alignright\"><a href=\"https:\/\/dominikadominiak.pl\/wp-content\/uploads\/2020\/04\/Harley-shoot-305.jpg\"><img decoding=\"async\" loading=\"lazy\" width=\"400\" height=\"267\" src=\"https:\/\/dominikadominiak.pl\/wp-content\/uploads\/2020\/04\/Harley-shoot-305-400x267.jpg\" alt=\"\" class=\"wp-image-2696\" srcset=\"https:\/\/dominikadominiak.pl\/wp-content\/uploads\/2020\/04\/Harley-shoot-305-400x267.jpg 400w, https:\/\/dominikadominiak.pl\/wp-content\/uploads\/2020\/04\/Harley-shoot-305-500x333.jpg 500w, https:\/\/dominikadominiak.pl\/wp-content\/uploads\/2020\/04\/Harley-shoot-305-700x467.jpg 700w, https:\/\/dominikadominiak.pl\/wp-content\/uploads\/2020\/04\/Harley-shoot-305-300x200.jpg 300w, https:\/\/dominikadominiak.pl\/wp-content\/uploads\/2020\/04\/Harley-shoot-305-768x512.jpg 768w, https:\/\/dominikadominiak.pl\/wp-content\/uploads\/2020\/04\/Harley-shoot-305-1024x683.jpg 1024w, https:\/\/dominikadominiak.pl\/wp-content\/uploads\/2020\/04\/Harley-shoot-305-200x133.jpg 200w, https:\/\/dominikadominiak.pl\/wp-content\/uploads\/2020\/04\/Harley-shoot-305-600x400.jpg 600w, https:\/\/dominikadominiak.pl\/wp-content\/uploads\/2020\/04\/Harley-shoot-305-800x533.jpg 800w, https:\/\/dominikadominiak.pl\/wp-content\/uploads\/2020\/04\/Harley-shoot-305-1200x800.jpg 1200w, https:\/\/dominikadominiak.pl\/wp-content\/uploads\/2020\/04\/Harley-shoot-305.jpg 1701w\" sizes=\"(max-width: 400px) 100vw, 400px\" \/><\/a><\/figure>\n\n\n\n<p>W wieku 17 lat mia\u0142am powa\u017cny wypadek na motorze, w kt\u00f3rym by\u0142am pasa\u017cerk\u0105. W wypadku do\u015bwiadczy\u0142am urazu kr\u0119gos\u0142upa w 3 miejscach, mia\u0142am nie w\u0142adn\u0105&nbsp;lew\u0105 nog\u0119, na szcz\u0119\u015bcie tylko przez dwa tygodnie cho\u0107 diagnoza lekarzy by\u0142a inna. W trakcie wypadku gdy lecia\u0142am w powietrzu ok 20 metr\u00f3w i upad\u0142am na asfalt wysz\u0142am dusz\u0105 z cia\u0142a i widzia\u0142am ca\u0142e zdarzenie&nbsp;jakby z lotu ptaka, przysz\u0142y po mnie istoty \u015bwiat\u0142a\u2028&nbsp;i powiedzia\u0142y, \u017ce musz\u0119 wraca\u0107 na ziemi\u0119 bo mam tu du\u017co do zrobienia. To by\u0142o bardzo g\u0142\u0119bokie mistyczne do\u015bwiadczenie i zarazem bardzo bolesne dla cia\u0142a fizycznego. Po wypadku dochodzi\u0142am 2 lata do sprawno\u015bci fizycznej i psychicznej. 3 lata po wypadku skupi\u0142am si\u0119 na swoim rozwoju duchowym.&nbsp;Zajmowa\u0142am si\u0119 te\u017c malarstwem. Przez wiele lat prowadzi\u0142am medytacje \u015bwiat\u0142a i zaj\u0119cia&nbsp;z jogi&nbsp;i zacz\u0119\u0142am wtedy malowa\u0107&nbsp;Mandale na indywidualne zam\u00f3wienie.&nbsp;<a href=\"https:\/\/dominikadominiak.pl?lang=pl_PL\/mandale\/\">(Czytaj wi\u0119cej&#8230;)<\/a><\/p>\n\n\n\n<h3 class=\"wp-block-heading\">Dlaczego zacz\u0119\u0142am \u015bpiewa\u0107 mantry?<\/h3>\n\n\n\n<p>Mia\u0142am mistyczne do\u015bwiadczenie duchowe s\u0142uchaj\u0105c mantr&nbsp;intonowanych&nbsp;na spotkaniu z mistrzem duchowym&nbsp;Svamim&nbsp;Vishwanand\u0105 z Mauritiusa, kt\u00f3ry przyjecha\u0142 do Warszawy&nbsp;w 2006 roku.\u2028Postanowi\u0142am \u015bpiewa\u0107 mantry i wyst\u0119powa\u0107 z koncertami dla doros\u0142ych i dzieci, ku rozwojowi \u015bwiadomo\u015bci, aby nie\u015b\u0107 rado\u015b\u0107 i \u015bwiat\u0142o. Mo\u017cna mnie by\u0142o zobaczy\u0107&nbsp;w prywatnych przedszkolach, joga klubach i r\u00f3\u017cnych salach w Warszawie, Wroc\u0142awiu i Gda\u0144sku.&nbsp;Wyst\u0119powa\u0142am&nbsp;kilkukrotnie&nbsp;na festiwalu Harmonia Kosmosu \u2013 Zlot Wolnych Ludzi, go\u015bci\u0142am na festiwalu Kazimiernikejszyn 2018. O moich pocz\u0105tkach ze \u015bpiewem mantr opowiada\u0142am w Czw\u00f3rka Polskie Radio&nbsp;<a href=\"https:\/\/www.google.com\/search?q=dominika+dominiak+polskie+radio&amp;oq=dominika+dominiak+&amp;aqs=chrome.3.69i57j69i60j35i39l2j69i61j69i59.8127j0j4&amp;sourceid=chrome&amp;ie=UTF-8, \nhttps:\/\/www.youtube.com\/watch?v=UGmff-gI81I&amp;t=119s,\n https:\/\/www.youtube.com\/watch?v=hueEGHsn-ls&amp;t=20s\">(Czytaj wi\u0119cej&#8230;)<\/a>.&nbsp;&nbsp;Zajmowa\u0142am si\u0119 te\u017c malarstwem. Przez wiele lat prowadzi\u0142am medytacje \u015bwiat\u0142a i zaj\u0119cia&nbsp;z jogi&nbsp;i wtedy zacze\u0142am&nbsp;malowa\u0107&nbsp;Mandale na indywidualne zam\u00f3wienie&nbsp;<a href=\"https:\/\/dominikadominiak.pl?lang=pl_PL\/mandale\/\">(Czytaj wi\u0119cej&#8230;)<\/a>.<\/p>\n\n\n\n<p>Dominika Dominiak w swojej tw\u00f3rczo\u015bci inspiruje si\u0119 duchowo\u015bci\u0105 wschodu.\u2028 \u0141\u0105czy staro\u017cytne mantry w sanskrycie z r\u00f3\u017cnymi stylami muzycznymi. Jej ciep\u0142y g\u0142os w po\u0142\u0105czeniu\u2028z brzmieniem muzyki Roots Reggae wype\u0142nia przestrze\u0144 pozytywnymi wibracjami i wprowadza s\u0142uchacza\u2028 w dobre samopoczucie i harmoni\u0119. Dominika wsp\u00f3\u0142pracuje ze znanymi muzykami z Polski i Jamajki. Nagrywa\u0142a w kultowym Grafton Studio w Kingston na Jamajce, a tak\u017ce w studio 701 znanego jazzowego pianisty Leszka Mo\u017cd\u017cera we Wroc\u0142awiu.<\/p>\n\n\n\n<p>Jej utwory wyra\u017caj\u0105 wielki potencja\u0142 duchowy mantr, kt\u00f3re \u015bpiewa w r\u00f3\u017cnych stylach muzycznych\u2028w tym reggae i ambient. O muzyce, kt\u00f3r\u0105 tworzy m\u00f3wi, \u017ce jest melodi\u0105 umys\u0142u i serca. \u2013 S\u0142owo \u201cmantra\u201d wywodzi si\u0119 ze staro\u017cytnego j\u0119zyka sanskrytu. Cz\u0142on \u201cman\u201d w sanskrycie ma podw\u00f3jne znaczenie: oznacza jednocze\u015bnie \u201cumys\u0142\u201d i \u201cserce\u201d oraz \u201ctra\u201d od s\u0142owa trang oznaczaj\u0105cego projekcj\u0119.<\/p>\n\n\n\n<p>Aby lepiej zrozumie\u0107 sens mantr Dominika&nbsp;ucz\u0119szcza\u0142a na lekcje sanskrytu do znanego nauczyciela Tomasza Ruci\u0144skiego&nbsp;<a href=\"http:\/\/www.vivaswan.pl\/\">(Czytaj wi\u0119cej&#8230;)<\/a>. Naukowo zosta\u0142o zbadane,\u2028 \u017ce s\u0142uchanie mantr w przeci\u0105gu kilku minut harmonizuj\u0105 dwie p\u00f3\u0142kule m\u00f3zgowe uzyskuj\u0105c stan umys\u0142u Alfa,\u2028&nbsp;a kryszta\u0142ki wody w naszym ciele fizycznym, kt\u00f3rej mamy w ciele ponad 70 procent, przybieraj\u0105 kszta\u0142t strukturalny pod wp\u0142ywem harmonijnej wibracji mantr. Mantry s\u0105 bardzo pomocne nie tylko w medytacji,\u2028 by uzyska\u0107 wy\u017csze stany \u015bwiadomo\u015bci, ale tak\u017ce\u2028 w codziennym \u017cyciu, wyciszeniu emocji, uspokojeniu umys\u0142u i oczyszczeniu z negatywnych my\u015bli, odczuwaniu pozytywnych uczu\u0107 jak rado\u015b\u0107 i mi\u0142o\u015b\u0107.<\/p>\n\n\n\n<figure class=\"wp-block-image aligncenter\"><a href=\"https:\/\/dominikadominiak.pl\/wp-content\/uploads\/2020\/04\/DSC_0258a.jpg\"><img decoding=\"async\" loading=\"lazy\" width=\"1024\" height=\"498\" src=\"https:\/\/dominikadominiak.pl\/wp-content\/uploads\/2020\/04\/DSC_0258a-1024x498.jpg\" alt=\"\" class=\"wp-image-2698\" srcset=\"https:\/\/dominikadominiak.pl\/wp-content\/uploads\/2020\/04\/DSC_0258a-1024x498.jpg 1024w, https:\/\/dominikadominiak.pl\/wp-content\/uploads\/2020\/04\/DSC_0258a-500x243.jpg 500w, https:\/\/dominikadominiak.pl\/wp-content\/uploads\/2020\/04\/DSC_0258a-700x341.jpg 700w, https:\/\/dominikadominiak.pl\/wp-content\/uploads\/2020\/04\/DSC_0258a-300x146.jpg 300w, https:\/\/dominikadominiak.pl\/wp-content\/uploads\/2020\/04\/DSC_0258a-768x374.jpg 768w, https:\/\/dominikadominiak.pl\/wp-content\/uploads\/2020\/04\/DSC_0258a-200x97.jpg 200w, https:\/\/dominikadominiak.pl\/wp-content\/uploads\/2020\/04\/DSC_0258a-400x195.jpg 400w, https:\/\/dominikadominiak.pl\/wp-content\/uploads\/2020\/04\/DSC_0258a-600x292.jpg 600w, https:\/\/dominikadominiak.pl\/wp-content\/uploads\/2020\/04\/DSC_0258a-800x389.jpg 800w, https:\/\/dominikadominiak.pl\/wp-content\/uploads\/2020\/04\/DSC_0258a.jpg 1200w\" sizes=\"(max-width: 1024px) 100vw, 1024px\" \/><\/a><\/figure>\n\n\n\n<p>Dominika Dominiak sw\u00f3j pierwszy singiel Gayatri Mantr\u0119 w stylu reggae nagra\u0142a&nbsp;w 2012 roku,\u2028 zwie\u0144czaj\u0105c go teledyskiem maj\u0105cym ponad 172 tysi\u0119cy wy\u015bwietle\u0144 na Youtube&nbsp;<a href=\"\nhttps:\/\/youtu.be\/i-TdvuFlRtQ\">(Pos\u0142uchaj\n Gayatri Mantry)<\/a>.&nbsp;Nagrania dokonano w przepi\u0119knych terenach masywu \u015al\u0119\u017cy, gdzie artystka chcia\u0142a pokaza\u0107 przenikanie si\u0119 kultur s\u0142owia\u0144skiej z wedyjsk\u0105.<\/p>\n\n\n\n<p>W lutym 2017 roku polecia\u0142a na Jamajk\u0119 nagra\u0107 singla, gdzie sp\u0119dzi\u0142a 4 miesi\u0105ce i pozna\u0142a \u015bwiatowej s\u0142awy muzyk\u00f3w, bliskiego przyjaciela Boba Marleya i jego syn\u00f3w. Owocem tego wyjazdu jest singiel Om Mani&nbsp;Padem&nbsp;Hum nagrany w kultowym Grafton Studio w Kingston z zespo\u0142em&nbsp;z Jamajki Kabaka&nbsp;Piramid&nbsp;Band \u201cBebble Rockers Band\u201d, kt\u00f3ry go\u015bci\u0142 na polskim festiwalu Ostr\u00f3da Reggae Festiwal. W 2019 roku zosta\u0142a zaproszona do Miami do studia Juliana Marleya i nagra\u0142a tam&nbsp;basy&nbsp;i&nbsp;perkusje&nbsp;do 6 utwor\u00f3w na&nbsp;p\u0142yte&nbsp;z mantrami z wybitnym muzykiem Jr Astonem&nbsp;Barettem&nbsp;ze znanej formacji The Wailers &#8211; zespo\u0142u Boba Marleya.\u2028 W 2019 roku pozna\u0142a \u015bwiatowej s\u0142awy muzyk\u00f3w z formacji ENIGMA Michaela Cretu i perkusista Paul Kastick dogra\u0142 perkusj\u0119 do dw\u00f3ch mantr na p\u0142yte &#8222;MANTRA &amp; REGGAE&#8221;&nbsp;<a href=\"https:\/\/dominikadominiak.pl?lang=pl_PL\/albums\/mantra-reggae\/\">(Czytaj wi\u0119cej&#8230;)<\/a><\/p>\n\n\n\n<p>Dominika Dominiak wyda\u0142a do tej pory 3 single (Gaytry&nbsp;Mantra, Om Mani&nbsp;Padem&nbsp;Hum, Mantra S\u0142owia\u0144ska \u2013 Radoro Daro Slawo) na pocz\u0105tku wsp\u00f3\u0142pracuj\u0105c z producentem Andrzejem Kasprzakiem, u kt\u00f3rego w studio nagra\u0142a pierwszy singiel Gayatri&nbsp;Mantr\u0119&nbsp;w d\u0142ugiej wersji 17 minut, p\u00f3\u017aniej&nbsp;wsp\u00f3\u0142pracowa\u0142a&nbsp;z gitarzyst\u0105 Adamem Dudkiem, u kt\u00f3rego w domowym studio nagra\u0142a mini album \u201eWitamina D 3 w mantrach\u201d, kolejnych nagra\u0144 dokonywa\u0142a w Red Yeti studio Tomasza Korczaka, gdzie mi\u0119dzy innymi nagrywane by\u0142y m\u0119skie g\u0142osy do ostatniego singla Mantry S\u0142owia\u0144skiej Radoro Daro Slawo ze znanymi polskimi wokalistami: W\u0142odek Dembowski \u201ePaprodziad\u201d i Micha\u0142 Ruda\u015b, o kt\u00f3rym nawet g\u0142o\u015bno zrobi\u0142o si\u0119 w Indiach.<\/p>\n\n\n\n<p>Ostatnie dwa single Dominiki Dominiak nabiera\u0142y szlif\u00f3w w studio 701 Leszka Mo\u017cd\u017cerawe Wroc\u0142awiu gdzie nagrywa\u0142a muzyk\u00f3w i robi\u0142a miksy i post&nbsp;produkcje&nbsp;przy wsp\u00f3\u0142pracy z \u0141ukaszem W\u00f3jcikiem. Wsp\u00f3\u0142pracowa\u0142a z polskimi wybitnymi muzykami jak: legenda polskiego jazzu i rocka Alek Korecki (saksofon), Tomasz Osiecki \u201eRagaboy\u201d (dilruba), Piotr Malec (tabla), Adam Skrzypek (perkusja), zesp\u00f3\u0142 Lublin Street Band &#8211; z trzema muzykami (sekcja&nbsp;denta). Dominika Dominiak jest w trakcie prac ko\u0144cowych nad albumem &#8222;MANTRA &amp; REGGAE&#8221;, kt\u00f3ry nagrywa\u0142a 9 lat&nbsp;<a href=\"https:\/\/dominikadominiak.pl?lang=pl_PL\/albums\/mantra-reggae\/\">(Czytaj wi\u0119cej&#8230;)<\/a>.<\/p>\n\n\n\n<div style=\"height:58px\" aria-hidden=\"true\" class=\"wp-block-spacer\"><\/div>\n\n\n\n<h2 class=\"wp-block-heading has-text-align-center\">Muzyka jest \u017cyciem<\/h2>\n\n\n\n<h4 class=\"wp-block-heading has-text-align-center\">\u201eMi\u0142o\u015b\u0107 jest czym\u015b najmocniejszym na \u015bwiecie,<br \/>a jednak nie mo\u017cna wyobrazi\u0107 sobie nic bardziej skromnego\u201d<br \/>~ Mahatma Gandhi<\/h4>\n\n\n\n<div style=\"height:58px\" aria-hidden=\"true\" class=\"wp-block-spacer\"><\/div>\n\n\n\n<h3 class=\"wp-block-heading has-text-align-center\">Serdecznie zapraszam na moje Social Media : )<\/h3>\n\n\n\n<ul class=\"wp-block-social-links has-large-icon-size items-justified-center is-style-logos-only is-layout-flex wp-block-social-links-is-layout-flex\"><li class=\"wp-social-link wp-social-link-facebook  wp-block-social-link\"><a href=\"https:\/\/www.facebook.com\/share\/17ojbhGVPA\/?mibextid=wwXIfr\" class=\"wp-block-social-link-anchor\"><svg width=\"24\" height=\"24\" viewBox=\"0 0 24 24\" version=\"1.1\" xmlns=\"http:\/\/www.w3.org\/2000\/svg\" aria-hidden=\"true\" focusable=\"false\"><path d=\"M12 2C6.5 2 2 6.5 2 12c0 5 3.7 9.1 8.4 9.9v-7H7.9V12h2.5V9.8c0-2.5 1.5-3.9 3.8-3.9 1.1 0 2.2.2 2.2.2v2.5h-1.3c-1.2 0-1.6.8-1.6 1.6V12h2.8l-.4 2.9h-2.3v7C18.3 21.1 22 17 22 12c0-5.5-4.5-10-10-10z\"><\/path><\/svg><span class=\"wp-block-social-link-label screen-reader-text\">Facebook<\/span><\/a><\/li>\n\n<li class=\"wp-social-link wp-social-link-instagram  wp-block-social-link\"><a href=\"https:\/\/www.instagram.com\/dominika.onelove?igsh=MW04MDhxd254ZGRsZA%3D%3D&#038;utm_source=qr\" class=\"wp-block-social-link-anchor\"><svg width=\"24\" height=\"24\" viewBox=\"0 0 24 24\" version=\"1.1\" xmlns=\"http:\/\/www.w3.org\/2000\/svg\" aria-hidden=\"true\" focusable=\"false\"><path d=\"M12,4.622c2.403,0,2.688,0.009,3.637,0.052c0.877,0.04,1.354,0.187,1.671,0.31c0.42,0.163,0.72,0.358,1.035,0.673 c0.315,0.315,0.51,0.615,0.673,1.035c0.123,0.317,0.27,0.794,0.31,1.671c0.043,0.949,0.052,1.234,0.052,3.637 s-0.009,2.688-0.052,3.637c-0.04,0.877-0.187,1.354-0.31,1.671c-0.163,0.42-0.358,0.72-0.673,1.035 c-0.315,0.315-0.615,0.51-1.035,0.673c-0.317,0.123-0.794,0.27-1.671,0.31c-0.949,0.043-1.233,0.052-3.637,0.052 s-2.688-0.009-3.637-0.052c-0.877-0.04-1.354-0.187-1.671-0.31c-0.42-0.163-0.72-0.358-1.035-0.673 c-0.315-0.315-0.51-0.615-0.673-1.035c-0.123-0.317-0.27-0.794-0.31-1.671C4.631,14.688,4.622,14.403,4.622,12 s0.009-2.688,0.052-3.637c0.04-0.877,0.187-1.354,0.31-1.671c0.163-0.42,0.358-0.72,0.673-1.035 c0.315-0.315,0.615-0.51,1.035-0.673c0.317-0.123,0.794-0.27,1.671-0.31C9.312,4.631,9.597,4.622,12,4.622 M12,3 C9.556,3,9.249,3.01,8.289,3.054C7.331,3.098,6.677,3.25,6.105,3.472C5.513,3.702,5.011,4.01,4.511,4.511 c-0.5,0.5-0.808,1.002-1.038,1.594C3.25,6.677,3.098,7.331,3.054,8.289C3.01,9.249,3,9.556,3,12c0,2.444,0.01,2.751,0.054,3.711 c0.044,0.958,0.196,1.612,0.418,2.185c0.23,0.592,0.538,1.094,1.038,1.594c0.5,0.5,1.002,0.808,1.594,1.038 c0.572,0.222,1.227,0.375,2.185,0.418C9.249,20.99,9.556,21,12,21s2.751-0.01,3.711-0.054c0.958-0.044,1.612-0.196,2.185-0.418 c0.592-0.23,1.094-0.538,1.594-1.038c0.5-0.5,0.808-1.002,1.038-1.594c0.222-0.572,0.375-1.227,0.418-2.185 C20.99,14.751,21,14.444,21,12s-0.01-2.751-0.054-3.711c-0.044-0.958-0.196-1.612-0.418-2.185c-0.23-0.592-0.538-1.094-1.038-1.594 c-0.5-0.5-1.002-0.808-1.594-1.038c-0.572-0.222-1.227-0.375-2.185-0.418C14.751,3.01,14.444,3,12,3L12,3z M12,7.378 c-2.552,0-4.622,2.069-4.622,4.622S9.448,16.622,12,16.622s4.622-2.069,4.622-4.622S14.552,7.378,12,7.378z M12,15 c-1.657,0-3-1.343-3-3s1.343-3,3-3s3,1.343,3,3S13.657,15,12,15z M16.804,6.116c-0.596,0-1.08,0.484-1.08,1.08 s0.484,1.08,1.08,1.08c0.596,0,1.08-0.484,1.08-1.08S17.401,6.116,16.804,6.116z\"><\/path><\/svg><span class=\"wp-block-social-link-label screen-reader-text\">Instagram<\/span><\/a><\/li>\n\n<li class=\"wp-social-link wp-social-link-youtube  wp-block-social-link\"><a href=\"https:\/\/www.youtube.com\/channel\/UC-QrwLogflgceHBDPTY0OMw\" class=\"wp-block-social-link-anchor\"><svg width=\"24\" height=\"24\" viewBox=\"0 0 24 24\" version=\"1.1\" xmlns=\"http:\/\/www.w3.org\/2000\/svg\" aria-hidden=\"true\" focusable=\"false\"><path d=\"M21.8,8.001c0,0-0.195-1.378-0.795-1.985c-0.76-0.797-1.613-0.801-2.004-0.847c-2.799-0.202-6.997-0.202-6.997-0.202 h-0.009c0,0-4.198,0-6.997,0.202C4.608,5.216,3.756,5.22,2.995,6.016C2.395,6.623,2.2,8.001,2.2,8.001S2,9.62,2,11.238v1.517 c0,1.618,0.2,3.237,0.2,3.237s0.195,1.378,0.795,1.985c0.761,0.797,1.76,0.771,2.205,0.855c1.6,0.153,6.8,0.201,6.8,0.201 s4.203-0.006,7.001-0.209c0.391-0.047,1.243-0.051,2.004-0.847c0.6-0.607,0.795-1.985,0.795-1.985s0.2-1.618,0.2-3.237v-1.517 C22,9.62,21.8,8.001,21.8,8.001z M9.935,14.594l-0.001-5.62l5.404,2.82L9.935,14.594z\"><\/path><\/svg><span class=\"wp-block-social-link-label screen-reader-text\">YouTube<\/span><\/a><\/li><\/ul>\n\n\n\n<div style=\"height:100px\" aria-hidden=\"true\" class=\"wp-block-spacer\"><\/div>\n","protected":false},"excerpt":{"rendered":"<p><!-- wp:heading {\"level\":4} --><\/p>\n<h4 class=\"wp-block-heading\">Dominika Dominiak<\/h4>\n<p><!-- \/wp:heading --><\/p>\n<p><!-- wp:image {\"align\":\"right\",\"id\":2684,\"linkDestination\":\"custom\"} --><\/p>\n<figure class=\"wp-block-image alignright\"><a href=\"https:\/\/dominikadomi...\n<\/p>\n","protected":false},"author":1,"featured_media":0,"parent":0,"menu_order":0,"comment_status":"closed","ping_status":"closed","template":"","meta":{"site-sidebar-layout":"default","site-content-layout":"","ast-site-content-layout":"default","site-content-style":"default","site-sidebar-style":"default","ast-global-header-display":"","ast-banner-title-visibility":"","ast-main-header-display":"","ast-hfb-above-header-display":"","ast-hfb-below-header-display":"","ast-hfb-mobile-header-display":"","site-post-title":"","ast-breadcrumbs-content":"","ast-featured-img":"","footer-sml-layout":"","theme-transparent-header-meta":"","adv-header-id-meta":"","stick-header-meta":"","header-above-stick-meta":"","header-main-stick-meta":"","header-below-stick-meta":"","astra-migrate-meta-layouts":"set","ast-page-background-enabled":"default","ast-page-background-meta":{"desktop":{"background-color":"var(--ast-global-color-4)","background-image":"","background-repeat":"repeat","background-position":"center center","background-size":"auto","background-attachment":"scroll","background-type":"","background-media":"","overlay-type":"","overlay-color":"","overlay-gradient":""},"tablet":{"background-color":"","background-image":"","background-repeat":"repeat","background-position":"center center","background-size":"auto","background-attachment":"scroll","background-type":"","background-media":"","overlay-type":"","overlay-color":"","overlay-gradient":""},"mobile":{"background-color":"","background-image":"","background-repeat":"repeat","background-position":"center center","background-size":"auto","background-attachment":"scroll","background-type":"","background-media":"","overlay-type":"","overlay-color":"","overlay-gradient":""}},"ast-content-background-meta":{"desktop":{"background-color":"var(--ast-global-color-5)","background-image":"","background-repeat":"repeat","background-position":"center center","background-size":"auto","background-attachment":"scroll","background-type":"","background-media":"","overlay-type":"","overlay-color":"","overlay-gradient":""},"tablet":{"background-color":"var(--ast-global-color-5)","background-image":"","background-repeat":"repeat","background-position":"center center","background-size":"auto","background-attachment":"scroll","background-type":"","background-media":"","overlay-type":"","overlay-color":"","overlay-gradient":""},"mobile":{"background-color":"var(--ast-global-color-5)","background-image":"","background-repeat":"repeat","background-position":"center center","background-size":"auto","background-attachment":"scroll","background-type":"","background-media":"","overlay-type":"","overlay-color":"","overlay-gradient":""}},"footnotes":""},"_links":{"self":[{"href":"https:\/\/dominikadominiak.pl\/pl_PL\/wp-json\/wp\/v2\/pages\/876"}],"collection":[{"href":"https:\/\/dominikadominiak.pl\/pl_PL\/wp-json\/wp\/v2\/pages"}],"about":[{"href":"https:\/\/dominikadominiak.pl\/pl_PL\/wp-json\/wp\/v2\/types\/page"}],"author":[{"embeddable":true,"href":"https:\/\/dominikadominiak.pl\/pl_PL\/wp-json\/wp\/v2\/users\/1"}],"replies":[{"embeddable":true,"href":"https:\/\/dominikadominiak.pl\/pl_PL\/wp-json\/wp\/v2\/comments?post=876"}],"version-history":[{"count":60,"href":"https:\/\/dominikadominiak.pl\/pl_PL\/wp-json\/wp\/v2\/pages\/876\/revisions"}],"predecessor-version":[{"id":3837,"href":"https:\/\/dominikadominiak.pl\/pl_PL\/wp-json\/wp\/v2\/pages\/876\/revisions\/3837"}],"wp:attachment":[{"href":"https:\/\/dominikadominiak.pl\/pl_PL\/wp-json\/wp\/v2\/media?parent=876"}],"curies":[{"name":"wp","href":"https:\/\/api.w.org\/{rel}","templated":true}]}}