{"id":1422,"date":"2018-09-03T16:32:57","date_gmt":"2018-09-03T14:32:57","guid":{"rendered":"http:\/\/dominika\/?post_type=product&#038;p=1422"},"modified":"2025-12-16T02:50:33","modified_gmt":"2025-12-16T01:50:33","slug":"1422","status":"publish","type":"product","link":"https:\/\/dominikadominiak.pl\/pl_PL\/produkt\/1422\/","title":{"rendered":"Mantra S\u0142owia\u0144ska &#8211; RADORO DARO SLAWO"},"content":{"rendered":"<h3>Mantra S\u0142owia\u0144ska<\/h3>\n<h3><span style=\"color: #df4554; font-size: 24px; font-style: italic; font-family: 'Merriweather';\">~RADORO DARO SLAWO~<\/span><\/h3>\n<p>W kulturze s\u0142owia\u0144skiej od czas\u00f3w staro\u017cytnych praktykowano wymawianie mantr,a nazywano je AGMAMI \u2013 s\u0142owami mocy, w kt\u00f3re wciela si\u0119 B\u00f3g. S\u0142owia\u0144scy szamani, uzdrowiciele, kap\u0142anki u\u017cywali mocy mantr do pracy z wewn\u0119trznymi wibracjami cz\u0142owieka, kt\u00f3re zawieraj\u0105 moc zmieniania rzeczywisto\u015bci zewn\u0119trznej.<\/p>\n","protected":false},"excerpt":{"rendered":"<p>W kulturze s\u0142owia\u0144skiej od czas\u00f3w staro\u017cytnych praktykowano wymawianie mantr, a nazywano je AGMAMI \u2013 s\u0142owami mocy, w kt\u00f3re wciela si\u0119 B\u00f3g. S\u0142owia\u0144scy szamani, uzdrowiciele, kap\u0142anki u\u017cywali mocy mantr do pracy z wewn\u0119trznymi wibracjami cz\u0142owieka, kt\u00f3re zawieraj\u0105 moc zmieniania rzeczywisto\u015bci zewn\u0119trznej.<br \/>\nNaukowo zosta\u0142o zbadane, \u017ce s\u0142uchanie mantr w przeci\u0105gu kilku minut harmonizuje dwie p\u00f3\u0142kule m\u00f3zgowe uzyskuj\u0105c stan umys\u0142u Alfa, a kryszta\u0142ki wody w naszym ciele fizycznym, kt\u00f3rej mamy w ciele ponad 70 procent, przybieraj\u0105 kszta\u0142t strukturalny pod wp\u0142ywem harmonijnej wibracji mantr. Mantry s\u0105 bardzo pomocne nie tylko w medytacji, by uzyska\u0107 wy\u017csze stany \u015bwiadomo\u015bci, ale tak\u017ce w codziennym \u017cyciu, wyciszeniu emocji, uspokojeniu umys\u0142u i oczyszczeniu z negatywnych my\u015bli, wej\u015bciu w wewn\u0119trzn\u0105 harmoni\u0119, odczuwaniu pozytywnych uczu\u0107 jak rado\u015b\u0107 i mi\u0142o\u015b\u0107.<\/p>\n<p>AGMY sk\u0142adaj\u0105 si\u0119 g\u0142\u00f3wnie z jednego, dw\u00f3ch lub rzadziej trzech s\u0142\u00f3w. I nie staraj si\u0119 logicznie<br \/>\nich zrozumie\u0107, gdy\u017c ten jest poza rozumieniem m\u00f3zgu i dzia\u0142a na poziomie pod\u015bwiadomo\u015bci.<br \/>\nAGMY pochodz\u0105 z jednego praj\u0119zyka, a obecnie wyst\u0119puje w j\u0119zykach staro\u017cytnych lud\u00f3w, takich jak S\u0142owianie, Indo-Aryjczyk\u00f3w, Pers\u00f3w, \u017byd\u00f3w, Mongo\u0142\u00f3w, Chi\u0144czyk\u00f3w i in. starych kultur.<br \/>\nwokal: Dominika Dominiak, Micha\u0142 Ruda\u015b, Paprodziad &#8211; W\u0142odek Dembowski<br \/>\nTabla &#8211; Piotr Malec, Dilruba &#8211; Tomasz Osiecki (Ragaboy), Bas &#8211; Piotr Pacak, piano &#8211; \u0141ukasz W\u00f3jcik<br \/>\nkompozycja: Dominika Dominiak<br \/>\nmiks, postprodukcja &#8211; \u0141ukasz W\u00f3jcik Studio 701 Wroc\u0142aw<br \/>\nmastering &#8211; Grzegorz Czachor<\/p>\n","protected":false},"featured_media":1419,"template":"","meta":{"site-sidebar-layout":"default","site-content-layout":"","ast-site-content-layout":"default","site-content-style":"default","site-sidebar-style":"default","ast-global-header-display":"","ast-banner-title-visibility":"","ast-main-header-display":"","ast-hfb-above-header-display":"","ast-hfb-below-header-display":"","ast-hfb-mobile-header-display":"","site-post-title":"","ast-breadcrumbs-content":"","ast-featured-img":"","footer-sml-layout":"","theme-transparent-header-meta":"default","adv-header-id-meta":"","stick-header-meta":"","header-above-stick-meta":"","header-main-stick-meta":"","header-below-stick-meta":"","astra-migrate-meta-layouts":"set","ast-page-background-enabled":"default","ast-page-background-meta":{"desktop":{"background-color":"var(--ast-global-color-4)","background-image":"","background-repeat":"repeat","background-position":"center center","background-size":"auto","background-attachment":"scroll","background-type":"","background-media":"","overlay-type":"","overlay-color":"","overlay-gradient":""},"tablet":{"background-color":"","background-image":"","background-repeat":"repeat","background-position":"center center","background-size":"auto","background-attachment":"scroll","background-type":"","background-media":"","overlay-type":"","overlay-color":"","overlay-gradient":""},"mobile":{"background-color":"","background-image":"","background-repeat":"repeat","background-position":"center center","background-size":"auto","background-attachment":"scroll","background-type":"","background-media":"","overlay-type":"","overlay-color":"","overlay-gradient":""}},"ast-content-background-meta":{"desktop":{"background-color":"var(--ast-global-color-5)","background-image":"","background-repeat":"repeat","background-position":"center center","background-size":"auto","background-attachment":"scroll","background-type":"","background-media":"","overlay-type":"","overlay-color":"","overlay-gradient":""},"tablet":{"background-color":"var(--ast-global-color-5)","background-image":"","background-repeat":"repeat","background-position":"center center","background-size":"auto","background-attachment":"scroll","background-type":"","background-media":"","overlay-type":"","overlay-color":"","overlay-gradient":""},"mobile":{"background-color":"var(--ast-global-color-5)","background-image":"","background-repeat":"repeat","background-position":"center center","background-size":"auto","background-attachment":"scroll","background-type":"","background-media":"","overlay-type":"","overlay-color":"","overlay-gradient":""}}},"product_cat":[36],"product_tag":[],"_links":{"self":[{"href":"https:\/\/dominikadominiak.pl\/pl_PL\/wp-json\/wp\/v2\/product\/1422"}],"collection":[{"href":"https:\/\/dominikadominiak.pl\/pl_PL\/wp-json\/wp\/v2\/product"}],"about":[{"href":"https:\/\/dominikadominiak.pl\/pl_PL\/wp-json\/wp\/v2\/types\/product"}],"wp:featuredmedia":[{"embeddable":true,"href":"https:\/\/dominikadominiak.pl\/pl_PL\/wp-json\/wp\/v2\/media\/1419"}],"wp:attachment":[{"href":"https:\/\/dominikadominiak.pl\/pl_PL\/wp-json\/wp\/v2\/media?parent=1422"}],"wp:term":[{"taxonomy":"product_cat","embeddable":true,"href":"https:\/\/dominikadominiak.pl\/pl_PL\/wp-json\/wp\/v2\/product_cat?post=1422"},{"taxonomy":"product_tag","embeddable":true,"href":"https:\/\/dominikadominiak.pl\/pl_PL\/wp-json\/wp\/v2\/product_tag?post=1422"}],"curies":[{"name":"wp","href":"https:\/\/api.w.org\/{rel}","templated":true}]}}